{"id":1743,"date":"2025-12-19T11:41:02","date_gmt":"2025-12-19T17:41:02","guid":{"rendered":"https:\/\/isas.mx\/?page_id=1743"},"modified":"2025-12-23T09:51:18","modified_gmt":"2025-12-23T15:51:18","slug":"servicios-precios-de-transferencia","status":"publish","type":"page","link":"https:\/\/isas.mx\/es\/servicios-precios-de-transferencia\/","title":{"rendered":"Servicios &#8211; Precios de Transferencia"},"content":{"rendered":"\t\t<div data-elementor-type=\"wp-page\" data-elementor-id=\"1743\" class=\"elementor elementor-1743\" data-elementor-settings=\"{&quot;element_pack_global_tooltip_width&quot;:{&quot;unit&quot;:&quot;px&quot;,&quot;size&quot;:&quot;&quot;,&quot;sizes&quot;:[]},&quot;element_pack_global_tooltip_width_tablet&quot;:{&quot;unit&quot;:&quot;px&quot;,&quot;size&quot;:&quot;&quot;,&quot;sizes&quot;:[]},&quot;element_pack_global_tooltip_width_mobile&quot;:{&quot;unit&quot;:&quot;px&quot;,&quot;size&quot;:&quot;&quot;,&quot;sizes&quot;:[]},&quot;element_pack_global_tooltip_padding&quot;:{&quot;unit&quot;:&quot;px&quot;,&quot;top&quot;:&quot;&quot;,&quot;right&quot;:&quot;&quot;,&quot;bottom&quot;:&quot;&quot;,&quot;left&quot;:&quot;&quot;,&quot;isLinked&quot;:true},&quot;element_pack_global_tooltip_padding_tablet&quot;:{&quot;unit&quot;:&quot;px&quot;,&quot;top&quot;:&quot;&quot;,&quot;right&quot;:&quot;&quot;,&quot;bottom&quot;:&quot;&quot;,&quot;left&quot;:&quot;&quot;,&quot;isLinked&quot;:true},&quot;element_pack_global_tooltip_padding_mobile&quot;:{&quot;unit&quot;:&quot;px&quot;,&quot;top&quot;:&quot;&quot;,&quot;right&quot;:&quot;&quot;,&quot;bottom&quot;:&quot;&quot;,&quot;left&quot;:&quot;&quot;,&quot;isLinked&quot;:true},&quot;element_pack_global_tooltip_border_radius&quot;:{&quot;unit&quot;:&quot;px&quot;,&quot;top&quot;:&quot;&quot;,&quot;right&quot;:&quot;&quot;,&quot;bottom&quot;:&quot;&quot;,&quot;left&quot;:&quot;&quot;,&quot;isLinked&quot;:true},&quot;element_pack_global_tooltip_border_radius_tablet&quot;:{&quot;unit&quot;:&quot;px&quot;,&quot;top&quot;:&quot;&quot;,&quot;right&quot;:&quot;&quot;,&quot;bottom&quot;:&quot;&quot;,&quot;left&quot;:&quot;&quot;,&quot;isLinked&quot;:true},&quot;element_pack_global_tooltip_border_radius_mobile&quot;:{&quot;unit&quot;:&quot;px&quot;,&quot;top&quot;:&quot;&quot;,&quot;right&quot;:&quot;&quot;,&quot;bottom&quot;:&quot;&quot;,&quot;left&quot;:&quot;&quot;,&quot;isLinked&quot;:true}}\" data-elementor-post-type=\"page\">\n\t\t\t\t<div class=\"elementor-element elementor-element-8fa132f e-flex e-con-boxed e-con e-parent\" data-id=\"8fa132f\" data-element_type=\"container\" data-e-type=\"container\" data-settings=\"{&quot;background_background&quot;:&quot;slideshow&quot;,&quot;background_slideshow_gallery&quot;:[{&quot;id&quot;:1758,&quot;url&quot;:&quot;http:\\\/\\\/isas.mx\\\/wp-content\\\/uploads\\\/2025\\\/12\\\/ChatGPT-Image-19-dic-2025-12_11_53-p.m.png&quot;}],&quot;background_slideshow_loop&quot;:&quot;yes&quot;,&quot;background_slideshow_slide_duration&quot;:5000,&quot;background_slideshow_slide_transition&quot;:&quot;fade&quot;,&quot;background_slideshow_transition_duration&quot;:500}\">\n\t\t\t\t\t<div class=\"e-con-inner\">\n\t\t\t\t<div class=\"elementor-element elementor-element-d121c7a elementor-widget elementor-widget-heading\" data-id=\"d121c7a\" data-element_type=\"widget\" data-e-type=\"widget\" data-widget_type=\"heading.default\">\n\t\t\t\t\t<h1 class=\"elementor-heading-title elementor-size-default\">Precios de Transferencia en M\u00e9xico \u2013 Asesor\u00eda Especializada<\/h1>\t\t\t\t<\/div>\n\t\t\t\t\t<\/div>\n\t\t\t\t<\/div>\n\t\t<div class=\"elementor-element elementor-element-7c941f1 e-flex e-con-boxed e-con e-parent\" data-id=\"7c941f1\" data-element_type=\"container\" data-e-type=\"container\">\n\t\t\t\t\t<div class=\"e-con-inner\">\n\t\t\t\t<div class=\"elementor-element elementor-element-e8cfc84 elementor-widget elementor-widget-heading\" data-id=\"e8cfc84\" data-element_type=\"widget\" data-e-type=\"widget\" data-widget_type=\"heading.default\">\n\t\t\t\t\t<h2 class=\"elementor-heading-title elementor-size-default\">\u00bfQu\u00e9 son los Precios de Transferencia?<\/h2>\t\t\t\t<\/div>\n\t\t\t\t<div class=\"elementor-element elementor-element-bff7baa elementor-widget elementor-widget-text-editor\" data-id=\"bff7baa\" data-element_type=\"widget\" data-e-type=\"widget\" data-widget_type=\"text-editor.default\">\n\t\t\t\t\t\t\t\t\t<blockquote data-start=\"582\" data-end=\"1449\"><p data-start=\"584\" data-end=\"856\">Los Precios de Transferencia son el conjunto de reglas y metodolog\u00edas que determinan c\u00f3mo deben valorarse las operaciones realizadas entre empresas de un mismo grupo empresarial o econ\u00f3mico, especialmente cuando dichas entidades se encuentran ubicadas en distintos pa\u00edses.<\/p><p data-start=\"861\" data-end=\"1262\">En t\u00e9rminos simples, las autoridades fiscales esperan que las transacciones entre partes relacionadas se realicen en condiciones equivalentes a las que pactar\u00edan empresas independientes, es decir, a <strong data-start=\"1060\" data-end=\"1080\">valor de mercado<\/strong>. Este criterio se conoce como el <strong data-start=\"1114\" data-end=\"1173\">Principio de Plena Competencia (Arm\u2019s Length Principle)<\/strong> y constituye la base de la regulaci\u00f3n de precios de transferencia a nivel internacional.<\/p><p data-start=\"1267\" data-end=\"1449\">Dicho principio busca asegurar que los resultados financieros y fiscales de cada entidad reflejen la realidad econ\u00f3mica de las operaciones que efectivamente realiza dentro del grupo.<\/p><\/blockquote><hr data-start=\"1451\" data-end=\"1454\" \/>\t\t\t\t\t\t\t\t<\/div>\n\t\t\t\t\t<\/div>\n\t\t\t\t<\/div>\n\t\t<div class=\"elementor-element elementor-element-1d8e73a e-flex e-con-boxed e-con e-parent\" data-id=\"1d8e73a\" data-element_type=\"container\" data-e-type=\"container\">\n\t\t\t\t\t<div class=\"e-con-inner\">\n\t\t\t\t<div class=\"elementor-element elementor-element-da40e29 elementor-widget elementor-widget-heading\" data-id=\"da40e29\" data-element_type=\"widget\" data-e-type=\"widget\" data-widget_type=\"heading.default\">\n\t\t\t\t\t<h2 class=\"elementor-heading-title elementor-size-default\">\u00bfCu\u00e1ndo aplican los Precios de Transferencia en M\u00e9xico?<\/h2>\t\t\t\t<\/div>\n\t\t\t\t\t<\/div>\n\t\t\t\t<\/div>\n\t\t<div class=\"elementor-element elementor-element-5d2b21c e-grid e-con-boxed e-con e-parent\" data-id=\"5d2b21c\" data-element_type=\"container\" data-e-type=\"container\">\n\t\t\t\t\t<div class=\"e-con-inner\">\n\t\t\t\t<div class=\"elementor-element elementor-element-0d36100 elementor-widget elementor-widget-text-editor\" data-id=\"0d36100\" data-element_type=\"widget\" data-e-type=\"widget\" data-widget_type=\"text-editor.default\">\n\t\t\t\t\t\t\t\t\t<p data-start=\"1574\" data-end=\"1745\">Los precios de transferencia aplican cuando una empresa realiza operaciones con <strong data-start=\"1654\" data-end=\"1677\">partes relacionadas<\/strong>, ya sea dentro de M\u00e9xico o con entidades ubicadas en el extranjero.<\/p><p data-start=\"1750\" data-end=\"1888\">Pr\u00e1cticamente cualquier transacci\u00f3n entre empresas del mismo grupo puede estar sujeta a an\u00e1lisis de precios de transferencia, entre ellas:<\/p><ul data-start=\"1893\" data-end=\"2240\"><li data-start=\"1893\" data-end=\"1925\"><p data-start=\"1895\" data-end=\"1925\">Venta de bienes o mercanc\u00edas<\/p><\/li><li data-start=\"1928\" data-end=\"1997\"><p data-start=\"1930\" data-end=\"1997\">Prestaci\u00f3n de servicios administrativos, t\u00e9cnicos o profesionales<\/p><\/li><li data-start=\"2000\" data-end=\"2066\"><p data-start=\"2002\" data-end=\"2066\">Uso o cesi\u00f3n de marcas, patentes, software u otros intangibles<\/p><\/li><li data-start=\"2069\" data-end=\"2114\"><p data-start=\"2071\" data-end=\"2114\">Pr\u00e9stamos intercompa\u00f1\u00eda y financiamientos<\/p><\/li><li data-start=\"2117\" data-end=\"2143\"><p data-start=\"2119\" data-end=\"2143\">Garant\u00edas corporativas<\/p><\/li><li data-start=\"2146\" data-end=\"2182\"><p data-start=\"2148\" data-end=\"2182\">Reestructuraciones empresariales<\/p><\/li><li data-start=\"2185\" data-end=\"2238\"><p data-start=\"2187\" data-end=\"2238\">Operaciones de maquila o manufactura por contrato<\/p><\/li><\/ul><p data-start=\"2243\" data-end=\"2390\">La correcta identificaci\u00f3n de estas operaciones es clave para determinar las obligaciones de documentaci\u00f3n y cumplimiento ante la autoridad fiscal.<\/p>\t\t\t\t\t\t\t\t<\/div>\n\t\t\t\t<div class=\"elementor-element elementor-element-ecf5e2d elementor-widget elementor-widget-image\" data-id=\"ecf5e2d\" data-element_type=\"widget\" data-e-type=\"widget\" data-widget_type=\"image.default\">\n\t\t\t\t\t\t\t\t\t\t\t\t\t\t\t<img fetchpriority=\"high\" decoding=\"async\" width=\"1024\" height=\"1536\" src=\"https:\/\/isas.mx\/wp-content\/uploads\/2025\/12\/ChatGPT-Image-19-dic-2025-12_36_57-p.m.png\" class=\"attachment-full size-full wp-image-1762\" alt=\"\" srcset=\"https:\/\/isas.mx\/wp-content\/uploads\/2025\/12\/ChatGPT-Image-19-dic-2025-12_36_57-p.m.png 1024w, https:\/\/isas.mx\/wp-content\/uploads\/2025\/12\/ChatGPT-Image-19-dic-2025-12_36_57-p.m-200x300.png 200w, https:\/\/isas.mx\/wp-content\/uploads\/2025\/12\/ChatGPT-Image-19-dic-2025-12_36_57-p.m-683x1024.png 683w, https:\/\/isas.mx\/wp-content\/uploads\/2025\/12\/ChatGPT-Image-19-dic-2025-12_36_57-p.m-768x1152.png 768w, https:\/\/isas.mx\/wp-content\/uploads\/2025\/12\/ChatGPT-Image-19-dic-2025-12_36_57-p.m-8x12.png 8w, https:\/\/isas.mx\/wp-content\/uploads\/2025\/12\/ChatGPT-Image-19-dic-2025-12_36_57-p.m-600x900.png 600w\" sizes=\"(max-width: 1024px) 100vw, 1024px\" \/>\t\t\t\t\t\t\t\t\t\t\t\t\t\t\t<\/div>\n\t\t\t\t\t<\/div>\n\t\t\t\t<\/div>\n\t\t<div class=\"elementor-element elementor-element-33a4f97 e-flex e-con-boxed e-con e-parent\" data-id=\"33a4f97\" data-element_type=\"container\" data-e-type=\"container\">\n\t\t\t\t\t<div class=\"e-con-inner\">\n\t\t\t\t<div class=\"elementor-element elementor-element-ce6d262 elementor-widget elementor-widget-heading\" data-id=\"ce6d262\" data-element_type=\"widget\" data-e-type=\"widget\" data-widget_type=\"heading.default\">\n\t\t\t\t\t<h2 class=\"elementor-heading-title elementor-size-default\">Marco legal de los Precios de Transferencia en M\u00e9xico<\/h2>\t\t\t\t<\/div>\n\t\t<div class=\"elementor-element elementor-element-5f4c0d9 e-con-full e-flex e-con e-child\" data-id=\"5f4c0d9\" data-element_type=\"container\" data-e-type=\"container\">\n\t\t\t\t<div class=\"elementor-element elementor-element-e6cdbb5 elementor-widget elementor-widget-text-editor\" data-id=\"e6cdbb5\" data-element_type=\"widget\" data-e-type=\"widget\" data-widget_type=\"text-editor.default\">\n\t\t\t\t\t\t\t\t\t<p data-start=\"2505\" data-end=\"2758\">En M\u00e9xico, los precios de transferencia se regulan principalmente a trav\u00e9s de la <strong data-start=\"2586\" data-end=\"2628\">Ley del Impuesto sobre la Renta (LISR)<\/strong>, as\u00ed como del <strong data-start=\"2643\" data-end=\"2677\">C\u00f3digo Fiscal de la Federaci\u00f3n<\/strong> y las disposiciones emitidas por el Servicio de Administraci\u00f3n Tributaria (SAT).<\/p><p data-start=\"2763\" data-end=\"3055\">Adicionalmente, la legislaci\u00f3n mexicana se encuentra alineada con las <strong data-start=\"2833\" data-end=\"2898\">Directrices de la OCDE en materia de Precios de Transferencia<\/strong>, las cuales establecen est\u00e1ndares internacionales para el an\u00e1lisis econ\u00f3mico, la comparabilidad y la documentaci\u00f3n de operaciones entre partes relacionadas.<\/p>\t\t\t\t\t\t\t\t<\/div>\n\t\t\t\t<\/div>\n\t\t<div class=\"elementor-element elementor-element-9a7175a e-con-full e-flex e-con e-child\" data-id=\"9a7175a\" data-element_type=\"container\" data-e-type=\"container\">\n\t\t\t\t<div class=\"elementor-element elementor-element-a5b87bb elementor-widget elementor-widget-heading\" data-id=\"a5b87bb\" data-element_type=\"widget\" data-e-type=\"widget\" data-widget_type=\"heading.default\">\n\t\t\t\t\t<h2 class=\"elementor-heading-title elementor-size-default\">Beneficios de una correcta pol\u00edtica de Precios de Transferencia<\/h2>\t\t\t\t<\/div>\n\t\t\t\t<\/div>\n\t\t\t\t\t<\/div>\n\t\t\t\t<\/div>\n\t\t<div class=\"elementor-element elementor-element-8679447 e-grid e-con-boxed e-con e-parent\" data-id=\"8679447\" data-element_type=\"container\" data-e-type=\"container\">\n\t\t\t\t\t<div class=\"e-con-inner\">\n\t\t\t\t<div class=\"elementor-element elementor-element-0162242 elementor-widget elementor-widget-text-editor\" data-id=\"0162242\" data-element_type=\"widget\" data-e-type=\"widget\" data-widget_type=\"text-editor.default\">\n\t\t\t\t\t\t\t\t\t<p><strong>Desde la perspectiva de las autoridades fiscales<\/strong><\/p>\t\t\t\t\t\t\t\t<\/div>\n\t\t\t\t<div class=\"elementor-element elementor-element-78195f2 elementor-widget elementor-widget-text-editor\" data-id=\"78195f2\" data-element_type=\"widget\" data-e-type=\"widget\" data-widget_type=\"text-editor.default\">\n\t\t\t\t\t\t\t\t\t<p><strong>Desde la perspectiva empresarial<\/strong><\/p>\t\t\t\t\t\t\t\t<\/div>\n\t\t\t\t\t<\/div>\n\t\t\t\t<\/div>\n\t\t<div class=\"elementor-element elementor-element-a37f3c6 e-grid e-con-boxed e-con e-parent\" data-id=\"a37f3c6\" data-element_type=\"container\" data-e-type=\"container\">\n\t\t\t\t\t<div class=\"e-con-inner\">\n\t\t\t\t<div class=\"elementor-element elementor-element-37988d7 elementor-widget elementor-widget-text-editor\" data-id=\"37988d7\" data-element_type=\"widget\" data-e-type=\"widget\" data-widget_type=\"text-editor.default\">\n\t\t\t\t\t\t\t\t\t<p data-start=\"173\" data-end=\"289\">\u00a0<\/p><p>\u00a0<\/p><ul><li data-start=\"173\" data-end=\"289\"><span style=\"text-align: var(--text-align);\">Evitar la <\/span><strong style=\"text-align: var(--text-align);\" data-start=\"183\" data-end=\"214\">erosi\u00f3n de la base gravable<\/strong><span style=\"text-align: var(--text-align);\"> mediante la transferencia artificial de utilidades entre jurisdicciones.<\/span><\/li><\/ul><div>\u00a0<\/div><ul><li data-start=\"290\" data-end=\"411\"><p data-start=\"292\" data-end=\"411\">Garantizar que los <strong data-start=\"311\" data-end=\"365\">resultados fiscales reflejen la realidad econ\u00f3mica<\/strong> de las operaciones realizadas en cada pa\u00eds.<\/p><\/li><li data-start=\"412\" data-end=\"515\"><p data-start=\"414\" data-end=\"515\">Prevenir esquemas de <strong data-start=\"435\" data-end=\"465\">planeaci\u00f3n fiscal agresiva<\/strong> que distorsionen el pago correcto de impuestos.<\/p><\/li><li data-start=\"516\" data-end=\"651\"><p data-start=\"518\" data-end=\"651\">Asegurar que las transacciones entre partes relacionadas se realicen conforme al <strong data-start=\"599\" data-end=\"648\">Principio de Plena Competencia (Arm\u2019s Length)<\/strong>.<\/p><\/li><li data-start=\"652\" data-end=\"763\"><p data-start=\"654\" data-end=\"763\">Facilitar la <strong data-start=\"667\" data-end=\"698\">fiscalizaci\u00f3n y comparaci\u00f3n<\/strong> de operaciones entre contribuyentes y empresas independientes.<\/p><\/li><li data-start=\"764\" data-end=\"879\"><p data-start=\"766\" data-end=\"879\">Reducir riesgos de <strong data-start=\"785\" data-end=\"809\">doble no tributaci\u00f3n<\/strong> o asignaci\u00f3n indebida de beneficios dentro de grupos multinacionales.<\/p><\/li><\/ul>\t\t\t\t\t\t\t\t<\/div>\n\t\t\t\t<div class=\"elementor-element elementor-element-bd2dfa1 elementor-widget elementor-widget-text-editor\" data-id=\"bd2dfa1\" data-element_type=\"widget\" data-e-type=\"widget\" data-widget_type=\"text-editor.default\">\n\t\t\t\t\t\t\t\t\t<p>\u00a0<\/p><ul><li style=\"list-style-type: none;\"><ul><li style=\"list-style-type: none;\"><ul><li data-start=\"237\" data-end=\"329\"><p data-start=\"239\" data-end=\"329\">Brindar <strong data-start=\"247\" data-end=\"265\">certeza fiscal<\/strong> a las operaciones entre partes relacionadas dentro del grupo.<\/p><\/li><li data-start=\"330\" data-end=\"419\"><p data-start=\"332\" data-end=\"419\">Reducir el riesgo de <strong data-start=\"353\" data-end=\"392\">ajustes fiscales, multas y recargos<\/strong> derivados de auditor\u00edas.<\/p><\/li><li data-start=\"420\" data-end=\"504\"><p data-start=\"422\" data-end=\"504\">Sustentar las decisiones de negocio con <strong data-start=\"462\" data-end=\"501\">an\u00e1lisis econ\u00f3mico y t\u00e9cnico s\u00f3lido<\/strong>.<\/p><\/li><li data-start=\"505\" data-end=\"598\"><p data-start=\"507\" data-end=\"598\">Optimizar la <strong data-start=\"520\" data-end=\"566\">asignaci\u00f3n de funciones, activos y riesgos<\/strong> dentro del grupo empresarial.<\/p><\/li><li data-start=\"599\" data-end=\"689\"><p data-start=\"601\" data-end=\"689\">Fortalecer la <strong data-start=\"615\" data-end=\"633\">defensa fiscal<\/strong> ante revisiones de autoridades locales o extranjeras.<\/p><\/li><li data-start=\"690\" data-end=\"769\"><p data-start=\"692\" data-end=\"769\">Minimizar riesgos de <strong data-start=\"234\" data-end=\"313\">doble tributaci\u00f3n en operaciones transfronterizas entre partes relacionadas<\/strong>, asegurando una correcta asignaci\u00f3n de utilidades entre jurisdicciones.<\/p><\/li><li data-start=\"770\" data-end=\"855\"><p data-start=\"772\" data-end=\"855\">Alinear la pol\u00edtica fiscal con la <strong data-start=\"806\" data-end=\"844\">estrategia corporativa y operativa<\/strong> del grupo.<\/p><\/li><\/ul><\/li><\/ul><\/li><\/ul>\t\t\t\t\t\t\t\t<\/div>\n\t\t\t\t\t<\/div>\n\t\t\t\t<\/div>\n\t\t<div class=\"elementor-element elementor-element-b66fadd e-flex e-con-boxed e-con e-parent\" data-id=\"b66fadd\" data-element_type=\"container\" data-e-type=\"container\">\n\t\t\t\t\t<div class=\"e-con-inner\">\n\t\t\t\t<div class=\"elementor-element elementor-element-175ab91 elementor-widget elementor-widget-heading\" data-id=\"175ab91\" data-element_type=\"widget\" data-e-type=\"widget\" data-widget_type=\"heading.default\">\n\t\t\t\t\t<h2 class=\"elementor-heading-title elementor-size-default\">Riesgos de no cumplir con los Precios de Transferencia<\/h2>\t\t\t\t<\/div>\n\t\t\t\t\t<\/div>\n\t\t\t\t<\/div>\n\t\t<div class=\"elementor-element elementor-element-817a861 e-grid e-con-boxed e-con e-parent\" data-id=\"817a861\" data-element_type=\"container\" data-e-type=\"container\">\n\t\t\t\t\t<div class=\"e-con-inner\">\n\t\t\t\t<div class=\"elementor-element elementor-element-ba7d257 elementor-widget elementor-widget-text-editor\" data-id=\"ba7d257\" data-element_type=\"widget\" data-e-type=\"widget\" data-widget_type=\"text-editor.default\">\n\t\t\t\t\t\t\t\t\t<p>Cuando la autoridad fiscal considera que las operaciones entre partes relacionadas no se realizaron a valor de mercado, puede llevar a cabo ajustes fiscales que generen impactos significativos para la empresa.<\/p><p>Entre las principales consecuencias se encuentran:<\/p><ul><li>Ajustes a ingresos o deducciones<\/li><\/ul><p>\u00a0<\/p><ul><li>Determinaci\u00f3n de impuestos adicionales<\/li><\/ul><p>\u00a0<\/p><ul><li>Imposici\u00f3n de multas relevantes<\/li><\/ul><p>\u00a0<\/p><ul><li>Doble tributaci\u00f3n (pago del mismo impuesto en m\u00e1s de un pa\u00eds)<\/li><\/ul><p>\u00a0<\/p><ul><li>Rechazo de la deducibilidad de servicios, regal\u00edas o intereses<\/li><\/ul><p>\u00a0<\/p><p>Por ello, no basta con demostrar que las operaciones son reales; es indispensable acreditar que los precios utilizados son razonables y comparables a los de mercado.<\/p>\t\t\t\t\t\t\t\t<\/div>\n\t\t\t\t<div class=\"elementor-element elementor-element-6b83b86 elementor-widget elementor-widget-image\" data-id=\"6b83b86\" data-element_type=\"widget\" data-e-type=\"widget\" data-widget_type=\"image.default\">\n\t\t\t\t\t\t\t\t\t\t\t\t\t\t\t<img decoding=\"async\" src=\"http:\/\/isas.mx\/wp-content\/uploads\/2025\/12\/ChatGPT-Image-22-dic-2025-09_34_34-a.m.png\" title=\"\" alt=\"\" loading=\"lazy\" \/>\t\t\t\t\t\t\t\t\t\t\t\t\t\t\t<\/div>\n\t\t\t\t\t<\/div>\n\t\t\t\t<\/div>\n\t\t<div class=\"elementor-element elementor-element-ffc5b8a e-flex e-con-boxed e-con e-parent\" data-id=\"ffc5b8a\" data-element_type=\"container\" data-e-type=\"container\">\n\t\t\t\t\t<div class=\"e-con-inner\">\n\t\t\t\t<div class=\"elementor-element elementor-element-74cdae1 elementor-widget elementor-widget-heading\" data-id=\"74cdae1\" data-element_type=\"widget\" data-e-type=\"widget\" data-widget_type=\"heading.default\">\n\t\t\t\t\t<h2 class=\"elementor-heading-title elementor-size-default\">Documentaci\u00f3n obligatoria en Precios de Transferencia<\/h2>\t\t\t\t<\/div>\n\t\t\t\t<div class=\"elementor-element elementor-element-87bce8d elementor-widget elementor-widget-text-editor\" data-id=\"87bce8d\" data-element_type=\"widget\" data-e-type=\"widget\" data-widget_type=\"text-editor.default\">\n\t\t\t\t\t\t\t\t\t<p>El cumplimiento en materia de precios de transferencia se acredita principalmente a trav\u00e9s de un <strong>Estudio de Precios de Transferencia<\/strong>, el cual documenta el sustento econ\u00f3mico y t\u00e9cnico de las operaciones entre partes relacionadas.<\/p><p>Este estudio:<\/p><ul><li>Analiza las funciones, activos y riesgos de cada entidad del grupo<\/li><li>Selecciona el m\u00e9todo m\u00e1s apropiado seg\u00fan la operaci\u00f3n<\/li><li>Realiza an\u00e1lisis de comparabilidad con empresas independientes<\/li><li>Determina si los precios o m\u00e1rgenes se encuentran dentro de rangos de mercado<\/li><\/ul><p>Dependiendo del tama\u00f1o y estructura del grupo empresarial, la documentaci\u00f3n puede materializarse en el <strong>Local File<\/strong>, <strong>Master File<\/strong> y, en ciertos casos, el <strong>Country-by-Country Report<\/strong>, conforme a la normativa local y a las Directrices de la OCDE.<\/p>\t\t\t\t\t\t\t\t<\/div>\n\t\t\t\t\t<\/div>\n\t\t\t\t<\/div>\n\t\t<div class=\"elementor-element elementor-element-cfdb6bb e-flex e-con-boxed e-con e-parent\" data-id=\"cfdb6bb\" data-element_type=\"container\" data-e-type=\"container\">\n\t\t\t\t\t<div class=\"e-con-inner\">\n\t\t\t\t<div class=\"elementor-element elementor-element-44f741a elementor-widget elementor-widget-heading\" data-id=\"44f741a\" data-element_type=\"widget\" data-e-type=\"widget\" data-widget_type=\"heading.default\">\n\t\t\t\t\t<h2 class=\"elementor-heading-title elementor-size-default\">\u00bfTu empresa cumple correctamente con Precios de Transferencia?<\/h2>\t\t\t\t<\/div>\n\t\t\t\t<div class=\"elementor-element elementor-element-8f3db6f elementor-widget elementor-widget-text-editor\" data-id=\"8f3db6f\" data-element_type=\"widget\" data-e-type=\"widget\" data-widget_type=\"text-editor.default\">\n\t\t\t\t\t\t\t\t\t<p data-start=\"964\" data-end=\"1155\">El cumplimiento en materia de precios de transferencia requiere un an\u00e1lisis t\u00e9cnico, econ\u00f3mico y fiscal integral, alineado tanto a la normativa mexicana como a los est\u00e1ndares internacionales.<\/p><p data-start=\"1160\" data-end=\"1385\">En IS\u00c1S acompa\u00f1amos a empresas nacionales y grupos multinacionales en la correcta valoraci\u00f3n, documentaci\u00f3n y defensa de sus operaciones entre partes relacionadas, brindando certeza fiscal y respaldo t\u00e9cnico ante autoridades.<\/p>\t\t\t\t\t\t\t\t<\/div>\n\t\t\t\t\t<\/div>\n\t\t\t\t<\/div>\n\t\t<div class=\"elementor-element elementor-element-83227a8 e-flex e-con-boxed e-con e-parent\" data-id=\"83227a8\" data-element_type=\"container\" data-e-type=\"container\">\n\t\t\t\t\t<div class=\"e-con-inner\">\n\t\t\t\t<div class=\"elementor-element elementor-element-9bc4d86 elementor-widget elementor-widget-html\" data-id=\"9bc4d86\" data-element_type=\"widget\" data-e-type=\"widget\" data-widget_type=\"html.default\">\n\t\t\t\t\t<div style=\"text-align:center; width:100%; margin-top:20px;\">\n  <a href=\"https:\/\/isas.mx\/es\/contacto\/\"\n     style=\"\n       background-color:#1EA9E1;\n       color:#000000;\n       padding:14px 32px;\n       text-decoration:none;\n       border-radius:6px;\n       font-size:16px;\n       font-weight:600;\n       display:inline-block;\n       transition: all 0.3s ease;\n     \"\n     onmouseover=\"this.style.opacity='0.85';\"\n     onmouseout=\"this.style.opacity='1';\"\n  >\n     Cont\u00e1ctanos\n  <\/a>\n<\/div>\n\t\t\t\t<\/div>\n\t\t\t\t\t<\/div>\n\t\t\t\t<\/div>\n\t\t\t\t<\/div>\n\t\t","protected":false},"excerpt":{"rendered":"<p>Precios de Transferencia en M\u00e9xico \u2013 Asesor\u00eda Especializada \u00bfQu\u00e9 son los Precios de Transferencia? Los Precios de Transferencia son el conjunto de reglas y metodolog\u00edas que determinan c\u00f3mo deben valorarse las operaciones realizadas entre empresas de un mismo grupo empresarial o econ\u00f3mico, especialmente cuando dichas entidades se encuentran ubicadas en distintos pa\u00edses. En t\u00e9rminos simples, [&hellip;]<\/p>\n","protected":false},"author":1,"featured_media":0,"parent":0,"menu_order":0,"comment_status":"closed","ping_status":"closed","template":"","meta":{"_acf_changed":false,"footnotes":""},"class_list":["post-1743","page","type-page","status-publish","hentry"],"acf":[],"_links":{"self":[{"href":"https:\/\/isas.mx\/es\/wp-json\/wp\/v2\/pages\/1743","targetHints":{"allow":["GET"]}}],"collection":[{"href":"https:\/\/isas.mx\/es\/wp-json\/wp\/v2\/pages"}],"about":[{"href":"https:\/\/isas.mx\/es\/wp-json\/wp\/v2\/types\/page"}],"author":[{"embeddable":true,"href":"https:\/\/isas.mx\/es\/wp-json\/wp\/v2\/users\/1"}],"replies":[{"embeddable":true,"href":"https:\/\/isas.mx\/es\/wp-json\/wp\/v2\/comments?post=1743"}],"version-history":[{"count":61,"href":"https:\/\/isas.mx\/es\/wp-json\/wp\/v2\/pages\/1743\/revisions"}],"predecessor-version":[{"id":1864,"href":"https:\/\/isas.mx\/es\/wp-json\/wp\/v2\/pages\/1743\/revisions\/1864"}],"wp:attachment":[{"href":"https:\/\/isas.mx\/es\/wp-json\/wp\/v2\/media?parent=1743"}],"curies":[{"name":"wp","href":"https:\/\/api.w.org\/{rel}","templated":true}]}}