{"id":1511,"date":"2025-11-26T12:16:34","date_gmt":"2025-11-26T18:16:34","guid":{"rendered":"https:\/\/isas.mx\/?page_id=1511"},"modified":"2025-12-19T12:29:01","modified_gmt":"2025-12-19T18:29:01","slug":"international-desks","status":"publish","type":"page","link":"https:\/\/isas.mx\/es\/international-desks\/","title":{"rendered":"International desks"},"content":{"rendered":"\t\t<div data-elementor-type=\"wp-page\" data-elementor-id=\"1511\" class=\"elementor elementor-1511\" data-elementor-settings=\"{&quot;element_pack_global_tooltip_width&quot;:{&quot;unit&quot;:&quot;px&quot;,&quot;size&quot;:&quot;&quot;,&quot;sizes&quot;:[]},&quot;element_pack_global_tooltip_width_tablet&quot;:{&quot;unit&quot;:&quot;px&quot;,&quot;size&quot;:&quot;&quot;,&quot;sizes&quot;:[]},&quot;element_pack_global_tooltip_width_mobile&quot;:{&quot;unit&quot;:&quot;px&quot;,&quot;size&quot;:&quot;&quot;,&quot;sizes&quot;:[]},&quot;element_pack_global_tooltip_padding&quot;:{&quot;unit&quot;:&quot;px&quot;,&quot;top&quot;:&quot;&quot;,&quot;right&quot;:&quot;&quot;,&quot;bottom&quot;:&quot;&quot;,&quot;left&quot;:&quot;&quot;,&quot;isLinked&quot;:true},&quot;element_pack_global_tooltip_padding_tablet&quot;:{&quot;unit&quot;:&quot;px&quot;,&quot;top&quot;:&quot;&quot;,&quot;right&quot;:&quot;&quot;,&quot;bottom&quot;:&quot;&quot;,&quot;left&quot;:&quot;&quot;,&quot;isLinked&quot;:true},&quot;element_pack_global_tooltip_padding_mobile&quot;:{&quot;unit&quot;:&quot;px&quot;,&quot;top&quot;:&quot;&quot;,&quot;right&quot;:&quot;&quot;,&quot;bottom&quot;:&quot;&quot;,&quot;left&quot;:&quot;&quot;,&quot;isLinked&quot;:true},&quot;element_pack_global_tooltip_border_radius&quot;:{&quot;unit&quot;:&quot;px&quot;,&quot;top&quot;:&quot;&quot;,&quot;right&quot;:&quot;&quot;,&quot;bottom&quot;:&quot;&quot;,&quot;left&quot;:&quot;&quot;,&quot;isLinked&quot;:true},&quot;element_pack_global_tooltip_border_radius_tablet&quot;:{&quot;unit&quot;:&quot;px&quot;,&quot;top&quot;:&quot;&quot;,&quot;right&quot;:&quot;&quot;,&quot;bottom&quot;:&quot;&quot;,&quot;left&quot;:&quot;&quot;,&quot;isLinked&quot;:true},&quot;element_pack_global_tooltip_border_radius_mobile&quot;:{&quot;unit&quot;:&quot;px&quot;,&quot;top&quot;:&quot;&quot;,&quot;right&quot;:&quot;&quot;,&quot;bottom&quot;:&quot;&quot;,&quot;left&quot;:&quot;&quot;,&quot;isLinked&quot;:true}}\" data-elementor-post-type=\"page\">\n\t\t\t\t<div class=\"elementor-element elementor-element-f81cffe e-flex e-con-boxed e-con e-parent\" data-id=\"f81cffe\" data-element_type=\"container\" data-e-type=\"container\" data-settings=\"{&quot;background_background&quot;:&quot;classic&quot;}\">\n\t\t\t\t\t<div class=\"e-con-inner\">\n\t\t\t\t<div class=\"elementor-element elementor-element-8c2295c elementor-widget elementor-widget-text-editor\" data-id=\"8c2295c\" data-element_type=\"widget\" data-e-type=\"widget\" data-widget_type=\"text-editor.default\">\n\t\t\t\t\t\t\t\t\t<h4>Precios de Transferencia <strong>sin<\/strong> <strong>Fronteras<\/strong><\/h4><p><em>Conectando Europa con Am\u00e9rica<\/em><\/p><p><strong>Europa &#8211; Italia y Francia<\/strong><\/p>\t\t\t\t\t\t\t\t<\/div>\n\t\t\t\t<div class=\"elementor-element elementor-element-305fc2e elementor-widget elementor-widget-text-editor\" data-id=\"305fc2e\" data-element_type=\"widget\" data-e-type=\"widget\" data-widget_type=\"text-editor.default\">\n\t\t\t\t\t\t\t\t\t<p>Nuestros International Desks para Italia y Francia combinan experiencia global, conocimiento local y una visi\u00f3n estrat\u00e9gica que impulsa el crecimiento y la eficiencia fiscal de tu empresa.<\/p>\t\t\t\t\t\t\t\t<\/div>\n\t\t\t\t\t<\/div>\n\t\t\t\t<\/div>\n\t\t<div class=\"elementor-element elementor-element-333bcb5 e-grid e-con-boxed e-con e-parent\" data-id=\"333bcb5\" data-element_type=\"container\" data-e-type=\"container\">\n\t\t\t\t\t<div class=\"e-con-inner\">\n\t\t\t\t<div class=\"elementor-element elementor-element-02d36eb elementor-widget elementor-widget-image\" data-id=\"02d36eb\" data-element_type=\"widget\" data-e-type=\"widget\" data-widget_type=\"image.default\">\n\t\t\t\t\t\t\t\t\t\t\t\t\t\t\t<img fetchpriority=\"high\" decoding=\"async\" width=\"683\" height=\"1024\" src=\"https:\/\/isas.mx\/wp-content\/uploads\/2025\/11\/ChatGPT-Image-26-nov-2025-11_53_03-a.m-683x1024.png\" class=\"attachment-large size-large wp-image-1515\" alt=\"\" srcset=\"https:\/\/isas.mx\/wp-content\/uploads\/2025\/11\/ChatGPT-Image-26-nov-2025-11_53_03-a.m-683x1024.png 683w, https:\/\/isas.mx\/wp-content\/uploads\/2025\/11\/ChatGPT-Image-26-nov-2025-11_53_03-a.m-200x300.png 200w, https:\/\/isas.mx\/wp-content\/uploads\/2025\/11\/ChatGPT-Image-26-nov-2025-11_53_03-a.m-768x1152.png 768w, https:\/\/isas.mx\/wp-content\/uploads\/2025\/11\/ChatGPT-Image-26-nov-2025-11_53_03-a.m-8x12.png 8w, https:\/\/isas.mx\/wp-content\/uploads\/2025\/11\/ChatGPT-Image-26-nov-2025-11_53_03-a.m-600x900.png 600w, https:\/\/isas.mx\/wp-content\/uploads\/2025\/11\/ChatGPT-Image-26-nov-2025-11_53_03-a.m.png 1024w\" sizes=\"(max-width: 683px) 100vw, 683px\" \/>\t\t\t\t\t\t\t\t\t\t\t\t\t\t\t<\/div>\n\t\t\t\t<div class=\"elementor-element elementor-element-de4b36a elementor-widget elementor-widget-text-editor\" data-id=\"de4b36a\" data-element_type=\"widget\" data-e-type=\"widget\" data-widget_type=\"text-editor.default\">\n\t\t\t\t\t\t\t\t\t<p>Servicios en la sede:<\/p><p><strong>PRECIOS DE TRANSFERENCIA<\/strong><\/p><ul><li><span data-teams=\"true\">Diagn\u00f3stico y Riesgo:\u00a0<\/span>Identificaci\u00f3n de operaciones vinculadas, An\u00e1lisis funcional FAR (funciones, activos, riesgos), Evaluaci\u00f3n BEPS\/OCDE y riesgos ante AEAT y Agenzia delle Entrate.<\/li><li><span data-teams=\"true\">Estudios y Documentaci\u00f3n: Local File, Master File, Selecci\u00f3n de m\u00e9todos OCDE<\/span><\/li><li>Cumplimiento Formal: Modelo 232, \u00a0<span data-teams=\"true\">Actualizaci\u00f3n anual y soporte documental.<\/span><\/li><li>Politicas y Contratos Intragrupo<\/li><li>Defensa y Controversia: Requerimientos, inspecciones y ajustes fiscales. Procedimientos amistosos (MAP).<\/li><li>Acuerdos Previos de Valoraci\u00f3n (APAs unilaterales y bilaterales).<\/li><li>Requerimientos, inspecciones y ajustes fiscales.<\/li><li>Procedimientos amistosos (MAP).<\/li><li>Acuerdos Previos de Valoraci\u00f3n (APAs unilaterales y bilaterales).<\/li><\/ul><p><span data-teams=\"true\"><strong>FISCALIDAD INTERNACIONAL<\/strong><\/span><\/p><ul><li><span data-teams=\"true\">Planificaci\u00f3n Fiscal Transfronteriza<\/span><\/li><li><span data-teams=\"true\">Establecimiento Permanente y Residencia Fiscal<\/span><\/li><li><span data-teams=\"true\">IVA Internacional<\/span><\/li><li><span data-teams=\"true\">Retenciones Internacionales<\/span><\/li><li><span data-teams=\"true\">Fusiones, Adquisiciones y Reestructuraciones<\/span><\/li><\/ul><p><strong>FISCALIDAD NACIONAL<\/strong><\/p><ul><li>Impuesto sobre Sociedades (modelo 200\/202).<\/li><li>IVA y SII (modelo 303 y obligaciones peri\u00f3dicas).<\/li><li>IRPF y fiscalidad de aut\u00f3nomos y sociedades.<\/li><li>Inspecciones, recursos y defensa ante TEAR\/TEAC.<\/li><li>Incentivos fiscales, deducciones e I+D.<\/li><\/ul>\t\t\t\t\t\t\t\t<\/div>\n\t\t\t\t\t<\/div>\n\t\t\t\t<\/div>\n\t\t<div class=\"elementor-element elementor-element-2297904 e-grid e-con-boxed e-con e-parent\" data-id=\"2297904\" data-element_type=\"container\" data-e-type=\"container\">\n\t\t\t\t\t<div class=\"e-con-inner\">\n\t\t\t\t<div class=\"elementor-element elementor-element-b2e4609 elementor-widget elementor-widget-text-editor\" data-id=\"b2e4609\" data-element_type=\"widget\" data-e-type=\"widget\" data-widget_type=\"text-editor.default\">\n\t\t\t\t\t\t\t\t\t<p>Sede Madrid<\/p>\t\t\t\t\t\t\t\t<\/div>\n\t\t\t\t\t<\/div>\n\t\t\t\t<\/div>\n\t\t<div class=\"elementor-element elementor-element-f25b65c e-grid e-con-boxed e-con e-parent\" data-id=\"f25b65c\" data-element_type=\"container\" data-e-type=\"container\">\n\t\t\t\t\t<div class=\"e-con-inner\">\n\t\t\t\t<div class=\"elementor-element elementor-element-f84866d elementor-widget elementor-widget-text-editor\" data-id=\"f84866d\" data-element_type=\"widget\" data-e-type=\"widget\" data-widget_type=\"text-editor.default\">\n\t\t\t\t\t\t\t\t\t<p>Servicios en la sede:<\/p><p><strong>PRECIOS DE TRANSFERENCIA<\/strong><\/p><ul><li><span data-teams=\"true\">Diagn\u00f3stico y Riesgo:\u00a0<\/span>Identificaci\u00f3n de operaciones vinculadas, An\u00e1lisis funcional FAR (funciones, activos, riesgos), Evaluaci\u00f3n BEPS\/OCDE y riesgos ante AEAT y Agenzia delle Entrate.<\/li><li><span data-teams=\"true\">Estudios y Documentaci\u00f3n: Local File, Master File, Selecci\u00f3n de m\u00e9todos OCDE<\/span><\/li><li>Cumplimiento Formal: Modelo 232, \u00a0<span data-teams=\"true\">Actualizaci\u00f3n anual y soporte documental.<\/span><\/li><li>Politicas y Contratos Intragrupo<\/li><li>Defensa y Controversia: Requerimientos, inspecciones y ajustes fiscales. Procedimientos amistosos (MAP).<\/li><li>Acuerdos Previos de Valoraci\u00f3n (APAs unilaterales y bilaterales).<\/li><li>Requerimientos, inspecciones y ajustes fiscales.<\/li><li>Procedimientos amistosos (MAP).<\/li><li>Acuerdos Previos de Valoraci\u00f3n (APAs unilaterales y bilaterales).<\/li><\/ul><p>\u00a0<\/p><p><span data-teams=\"true\"><strong>FISCALIDAD INTERNACIONAL<\/strong><\/span><\/p><ul><li><span data-teams=\"true\">Planificaci\u00f3n Fiscal Transfronteriza<\/span><\/li><li><span data-teams=\"true\">Establecimiento Permanente y Residencia Fiscal<\/span><\/li><li><span data-teams=\"true\">IVA Internacional<\/span><\/li><li><span data-teams=\"true\">Retenciones Internacionales<\/span><\/li><li><span data-teams=\"true\">Fusiones, Adquisiciones y Reestructuraciones<\/span><\/li><\/ul><p>\u00a0<\/p><p><strong>FISCALIDAD NACIONAL<\/strong><\/p><ul><li>IRES e IRAP: c\u00e1lculo, pagos y cumplimiento F24.<\/li><li>IVA: liquidaciones mensuales\/trimestrales.<\/li><li>Esterometro, LIPE y facturaci\u00f3n electr\u00f3nica obligatoria.<\/li><li>Reg\u00edmenes especiales: impatriati, forfaitari, HNWI.<\/li><li>Recursos y defensa ante verifiche e accertamenti.<\/li><\/ul>\t\t\t\t\t\t\t\t<\/div>\n\t\t\t\t<div class=\"elementor-element elementor-element-e9feb2c elementor-widget elementor-widget-image\" data-id=\"e9feb2c\" data-element_type=\"widget\" data-e-type=\"widget\" data-widget_type=\"image.default\">\n\t\t\t\t\t\t\t\t\t\t\t\t\t\t\t<img decoding=\"async\" width=\"683\" height=\"1024\" src=\"https:\/\/isas.mx\/wp-content\/uploads\/2025\/11\/ChatGPT-Image-26-nov-2025-11_51_03-a.m-683x1024.png\" class=\"attachment-large size-large wp-image-1514\" alt=\"\" srcset=\"https:\/\/isas.mx\/wp-content\/uploads\/2025\/11\/ChatGPT-Image-26-nov-2025-11_51_03-a.m-683x1024.png 683w, https:\/\/isas.mx\/wp-content\/uploads\/2025\/11\/ChatGPT-Image-26-nov-2025-11_51_03-a.m-200x300.png 200w, https:\/\/isas.mx\/wp-content\/uploads\/2025\/11\/ChatGPT-Image-26-nov-2025-11_51_03-a.m-768x1152.png 768w, https:\/\/isas.mx\/wp-content\/uploads\/2025\/11\/ChatGPT-Image-26-nov-2025-11_51_03-a.m-8x12.png 8w, https:\/\/isas.mx\/wp-content\/uploads\/2025\/11\/ChatGPT-Image-26-nov-2025-11_51_03-a.m-600x900.png 600w, https:\/\/isas.mx\/wp-content\/uploads\/2025\/11\/ChatGPT-Image-26-nov-2025-11_51_03-a.m.png 1024w\" sizes=\"(max-width: 683px) 100vw, 683px\" \/>\t\t\t\t\t\t\t\t\t\t\t\t\t\t\t<\/div>\n\t\t\t\t\t<\/div>\n\t\t\t\t<\/div>\n\t\t<div class=\"elementor-element elementor-element-f8a13f8 e-flex e-con-boxed e-con e-parent\" data-id=\"f8a13f8\" data-element_type=\"container\" data-e-type=\"container\">\n\t\t\t\t\t<div class=\"e-con-inner\">\n\t\t\t\t\t<\/div>\n\t\t\t\t<\/div>\n\t\t<div class=\"elementor-element elementor-element-49e2716 e-flex e-con-boxed e-con e-parent\" data-id=\"49e2716\" data-element_type=\"container\" data-e-type=\"container\">\n\t\t\t\t\t<div class=\"e-con-inner\">\n\t\t\t\t<div class=\"elementor-element elementor-element-de7ac36 elementor-widget elementor-widget-text-editor\" data-id=\"de7ac36\" data-element_type=\"widget\" data-e-type=\"widget\" data-widget_type=\"text-editor.default\">\n\t\t\t\t\t\t\t\t\t<p><strong>&#8220;Experiencia Europea. Precisi\u00f3n Global&#8221;<\/strong><\/p>\t\t\t\t\t\t\t\t<\/div>\n\t\t\t\t\t<\/div>\n\t\t\t\t<\/div>\n\t\t<div class=\"elementor-element elementor-element-d3b97a9 e-grid e-con-boxed e-con e-parent\" data-id=\"d3b97a9\" data-element_type=\"container\" data-e-type=\"container\" data-settings=\"{&quot;background_background&quot;:&quot;classic&quot;}\">\n\t\t\t\t\t<div class=\"e-con-inner\">\n\t\t\t\t<div class=\"elementor-element elementor-element-f46aa83 elementor-widget elementor-widget-image\" data-id=\"f46aa83\" data-element_type=\"widget\" data-e-type=\"widget\" data-widget_type=\"image.default\">\n\t\t\t\t\t\t\t\t\t\t\t\t\t\t\t<img decoding=\"async\" width=\"740\" height=\"494\" src=\"https:\/\/isas.mx\/wp-content\/uploads\/2025\/11\/handshake-business-men-concept_53876-31214.jpg.avif\" class=\"attachment-large size-large wp-image-1517\" alt=\"\" srcset=\"https:\/\/isas.mx\/wp-content\/uploads\/2025\/11\/handshake-business-men-concept_53876-31214.jpg.avif 740w, https:\/\/isas.mx\/wp-content\/uploads\/2025\/11\/handshake-business-men-concept_53876-31214.jpg-300x200.avif 300w, https:\/\/isas.mx\/wp-content\/uploads\/2025\/11\/handshake-business-men-concept_53876-31214.jpg-18x12.avif 18w, https:\/\/isas.mx\/wp-content\/uploads\/2025\/11\/handshake-business-men-concept_53876-31214.jpg-600x401.avif 600w\" sizes=\"(max-width: 740px) 100vw, 740px\" \/>\t\t\t\t\t\t\t\t\t\t\t\t\t\t\t<\/div>\n\t\t\t\t<div class=\"elementor-element elementor-element-80a2493 elementor-widget elementor-widget-text-editor\" data-id=\"80a2493\" data-element_type=\"widget\" data-e-type=\"widget\" data-widget_type=\"text-editor.default\">\n\t\t\t\t\t\t\t\t\t<div class=\"desks-intro\"><p>\u00a0<\/p><p class=\"lead\">En <strong>IS\u00c1S<\/strong>, nuestros equipos especializados en Italia y Francia dominan el marco regulatorio, la realidad empresarial y los matices culturales que influyen en la<strong> correcta implementaci\u00f3n<\/strong> de Precios de Transferencia en la regi\u00f3n.<\/p><p>Esta combinaci\u00f3n <strong>\u00fanica<\/strong> nos permite ofrecer soluciones robustas, alineadas con la normativa internacional, dise\u00f1adas para fortalecer la posici\u00f3n fiscal y operativa de tu empresa en Europa.<\/p><\/div><div class=\"desks-services\">\u00a0<\/div>\t\t\t\t\t\t\t\t<\/div>\n\t\t\t\t\t<\/div>\n\t\t\t\t<\/div>\n\t\t<div class=\"elementor-element elementor-element-ae2f567 e-flex e-con-boxed e-con e-parent\" data-id=\"ae2f567\" data-element_type=\"container\" data-e-type=\"container\">\n\t\t\t\t\t<div class=\"e-con-inner\">\n\t\t\t\t<div class=\"elementor-element elementor-element-89c8401 elementor-widget elementor-widget-text-editor\" data-id=\"89c8401\" data-element_type=\"widget\" data-e-type=\"widget\" data-widget_type=\"text-editor.default\">\n\t\t\t\t\t\t\t\t\t<p><strong>\u201cDonde la normativa internacional se convierte en estrategia.\u201d<\/strong><\/p>\t\t\t\t\t\t\t\t<\/div>\n\t\t\t\t\t<\/div>\n\t\t\t\t<\/div>\n\t\t<div class=\"elementor-element elementor-element-e561c72 e-grid e-con-boxed e-con e-parent\" data-id=\"e561c72\" data-element_type=\"container\" data-e-type=\"container\" data-settings=\"{&quot;background_background&quot;:&quot;classic&quot;}\">\n\t\t\t\t\t<div class=\"e-con-inner\">\n\t\t\t\t<div class=\"elementor-element elementor-element-676aa92 elementor-widget elementor-widget-text-editor\" data-id=\"676aa92\" data-element_type=\"widget\" data-e-type=\"widget\" data-widget_type=\"text-editor.default\">\n\t\t\t\t\t\t\t\t\t<p>\u00a0<\/p><p>Servicios especializados<\/p>\t\t\t\t\t\t\t\t<\/div>\n\t\t\t\t<div class=\"elementor-element elementor-element-7e913e8 elementor-widget elementor-widget-text-editor\" data-id=\"7e913e8\" data-element_type=\"widget\" data-e-type=\"widget\" data-widget_type=\"text-editor.default\">\n\t\t\t\t\t\t\t\t\t<ul><li>Modelaci\u00f3n y optimizaci\u00f3n de cadenas de valor globales<\/li><li>Reestructuraci\u00f3n corporativa con enfoque fiscal internacional<\/li><li>Asesor\u00eda en adquisiciones, desinversiones y reorganizaciones<\/li><li>Estrategias de localizaci\u00f3n de propiedad intelectual e intangibles<\/li><li>Estructuraci\u00f3n financiera y operaciones intragrupo<\/li><li>Optimizaci\u00f3n de retenciones internacionales y reducci\u00f3n de riesgos<\/li><li>Documentaci\u00f3n, cumplimiento y defensa en materia de Precios de Transferencia<\/li><li style=\"list-style-type: none;\">\u00a0<\/li><\/ul><div class=\"desks-local-knowledge\">\u00a0<\/div>\t\t\t\t\t\t\t\t<\/div>\n\t\t\t\t\t<\/div>\n\t\t\t\t<\/div>\n\t\t<div class=\"elementor-element elementor-element-d2cc6d3 e-flex e-con-boxed e-con e-parent\" data-id=\"d2cc6d3\" data-element_type=\"container\" data-e-type=\"container\">\n\t\t\t\t\t<div class=\"e-con-inner\">\n\t\t\t\t<div class=\"elementor-element elementor-element-fb5837a elementor-widget elementor-widget-text-editor\" data-id=\"fb5837a\" data-element_type=\"widget\" data-e-type=\"widget\" data-widget_type=\"text-editor.default\">\n\t\t\t\t\t\t\t\t\t<p><strong>\u201cVisi\u00f3n europea. Acci\u00f3n mundial.\u201d<\/strong><\/p>\t\t\t\t\t\t\t\t<\/div>\n\t\t\t\t\t<\/div>\n\t\t\t\t<\/div>\n\t\t<div class=\"elementor-element elementor-element-27f3b45 e-flex e-con-boxed e-con e-parent\" data-id=\"27f3b45\" data-element_type=\"container\" data-e-type=\"container\">\n\t\t\t\t\t<div class=\"e-con-inner\">\n\t\t\t\t<div class=\"elementor-element elementor-element-0a5ba6a elementor-widget elementor-widget-text-editor\" data-id=\"0a5ba6a\" data-element_type=\"widget\" data-e-type=\"widget\" data-widget_type=\"text-editor.default\">\n\t\t\t\t\t\t\t\t\t<h4><strong>Conocimiento local que impulsa tu estrategia global<\/strong><\/h4>\t\t\t\t\t\t\t\t<\/div>\n\t\t\t\t\t<\/div>\n\t\t\t\t<\/div>\n\t\t<div class=\"elementor-element elementor-element-219a0c8 e-flex e-con-boxed e-con e-parent\" data-id=\"219a0c8\" data-element_type=\"container\" data-e-type=\"container\">\n\t\t\t\t\t<div class=\"e-con-inner\">\n\t\t\t\t<div class=\"elementor-element elementor-element-df6cf80 elementor-widget elementor-widget-text-editor\" data-id=\"df6cf80\" data-element_type=\"widget\" data-e-type=\"widget\" data-widget_type=\"text-editor.default\">\n\t\t\t\t\t\t\t\t\t<p><strong>\u00bfListo para potenciar tu estrategia internacional con un enfoque europeo?<\/strong><\/p>\t\t\t\t\t\t\t\t<\/div>\n\t\t\t\t\t<\/div>\n\t\t\t\t<\/div>\n\t\t<div class=\"elementor-element elementor-element-eef0d60 e-flex e-con-boxed e-con e-parent\" data-id=\"eef0d60\" data-element_type=\"container\" data-e-type=\"container\">\n\t\t\t\t\t<div class=\"e-con-inner\">\n\t\t<div class=\"elementor-element elementor-element-5265d3d e-con-full e-flex e-con e-child\" data-id=\"5265d3d\" data-element_type=\"container\" data-e-type=\"container\">\n\t\t<div class=\"elementor-element elementor-element-d9e9f6f e-con-full e-flex e-con e-child\" data-id=\"d9e9f6f\" data-element_type=\"container\" data-e-type=\"container\">\n\t\t\t\t<div class=\"elementor-element elementor-element-ac05a13 elementor-widget elementor-widget-image\" data-id=\"ac05a13\" data-element_type=\"widget\" data-e-type=\"widget\" data-widget_type=\"image.default\">\n\t\t\t\t\t\t\t\t\t\t\t\t\t\t\t<img decoding=\"async\" src=\"https:\/\/isas.mx\/wp-content\/uploads\/2025\/11\/ChatGPT-Image-27-nov-2025-11_07_14-a.m.png\" title=\"Icono12\" alt=\"Icono12\" loading=\"lazy\" \/>\t\t\t\t\t\t\t\t\t\t\t\t\t\t\t<\/div>\n\t\t\t\t<div class=\"elementor-element elementor-element-3f44e59 elementor-widget elementor-widget-heading\" data-id=\"3f44e59\" data-element_type=\"widget\" data-e-type=\"widget\" data-widget_type=\"heading.default\">\n\t\t\t\t\t<h2 class=\"elementor-heading-title elementor-size-default\">Contexto Social y Regulatorio<\/h2>\t\t\t\t<\/div>\n\t\t\t\t<div class=\"elementor-element elementor-element-f3f3eee elementor-widget elementor-widget-text-editor\" data-id=\"f3f3eee\" data-element_type=\"widget\" data-e-type=\"widget\" data-widget_type=\"text-editor.default\">\n\t\t\t\t\t\t\t\t\t<p>Navegar Francia e Italia implica entender no solo impuestos, sino tambi\u00e9n idioma, cultura, din\u00e1micas sociales y regulaciones en constante cambio.<\/p>\t\t\t\t\t\t\t\t<\/div>\n\t\t\t\t<\/div>\n\t\t<div class=\"elementor-element elementor-element-0004599 e-con-full e-flex e-con e-child\" data-id=\"0004599\" data-element_type=\"container\" data-e-type=\"container\">\n\t\t\t\t<div class=\"elementor-element elementor-element-97f015b elementor-widget elementor-widget-image\" data-id=\"97f015b\" data-element_type=\"widget\" data-e-type=\"widget\" data-widget_type=\"image.default\">\n\t\t\t\t\t\t\t\t\t\t\t\t\t\t\t<img loading=\"lazy\" decoding=\"async\" width=\"800\" height=\"800\" src=\"https:\/\/isas.mx\/wp-content\/uploads\/2025\/11\/ChatGPT-Image-27-nov-2025-11_14_57-a.m.png\" class=\"attachment-large size-large wp-image-1617\" alt=\"\" srcset=\"https:\/\/isas.mx\/wp-content\/uploads\/2025\/11\/ChatGPT-Image-27-nov-2025-11_14_57-a.m.png 1024w, https:\/\/isas.mx\/wp-content\/uploads\/2025\/11\/ChatGPT-Image-27-nov-2025-11_14_57-a.m-300x300.png 300w, https:\/\/isas.mx\/wp-content\/uploads\/2025\/11\/ChatGPT-Image-27-nov-2025-11_14_57-a.m-150x150.png 150w, https:\/\/isas.mx\/wp-content\/uploads\/2025\/11\/ChatGPT-Image-27-nov-2025-11_14_57-a.m-768x768.png 768w, https:\/\/isas.mx\/wp-content\/uploads\/2025\/11\/ChatGPT-Image-27-nov-2025-11_14_57-a.m-12x12.png 12w, https:\/\/isas.mx\/wp-content\/uploads\/2025\/11\/ChatGPT-Image-27-nov-2025-11_14_57-a.m-600x600.png 600w, https:\/\/isas.mx\/wp-content\/uploads\/2025\/11\/ChatGPT-Image-27-nov-2025-11_14_57-a.m-100x100.png 100w\" sizes=\"(max-width: 800px) 100vw, 800px\" \/>\t\t\t\t\t\t\t\t\t\t\t\t\t\t\t<\/div>\n\t\t\t\t<div class=\"elementor-element elementor-element-c984728 elementor-widget elementor-widget-heading\" data-id=\"c984728\" data-element_type=\"widget\" data-e-type=\"widget\" data-widget_type=\"heading.default\">\n\t\t\t\t\t<h2 class=\"elementor-heading-title elementor-size-default\">Expertise local profundo.<\/h2>\t\t\t\t<\/div>\n\t\t\t\t<div class=\"elementor-element elementor-element-b7df503 elementor-widget elementor-widget-text-editor\" data-id=\"b7df503\" data-element_type=\"widget\" data-e-type=\"widget\" data-widget_type=\"text-editor.default\">\n\t\t\t\t\t\t\t\t\t<p>El equipo domina de forma nativa el idioma, las normas, las pr\u00e1cticas comerciales y la sensibilidad cultural, permitiendo anticipar riesgos y alinearse con autoridades y actores locales.<\/p>\t\t\t\t\t\t\t\t<\/div>\n\t\t\t\t<\/div>\n\t\t<div class=\"elementor-element elementor-element-f4e56ba e-con-full e-flex e-con e-child\" data-id=\"f4e56ba\" data-element_type=\"container\" data-e-type=\"container\">\n\t\t\t\t<div class=\"elementor-element elementor-element-29628e9 elementor-widget elementor-widget-image\" data-id=\"29628e9\" data-element_type=\"widget\" data-e-type=\"widget\" data-widget_type=\"image.default\">\n\t\t\t\t\t\t\t\t\t\t\t\t\t\t\t<img loading=\"lazy\" decoding=\"async\" width=\"800\" height=\"800\" src=\"https:\/\/isas.mx\/wp-content\/uploads\/2025\/11\/ChatGPT-Image-27-nov-2025-11_14_54-a.m.png\" class=\"attachment-large size-large wp-image-1618\" alt=\"\" srcset=\"https:\/\/isas.mx\/wp-content\/uploads\/2025\/11\/ChatGPT-Image-27-nov-2025-11_14_54-a.m.png 1024w, https:\/\/isas.mx\/wp-content\/uploads\/2025\/11\/ChatGPT-Image-27-nov-2025-11_14_54-a.m-300x300.png 300w, https:\/\/isas.mx\/wp-content\/uploads\/2025\/11\/ChatGPT-Image-27-nov-2025-11_14_54-a.m-150x150.png 150w, https:\/\/isas.mx\/wp-content\/uploads\/2025\/11\/ChatGPT-Image-27-nov-2025-11_14_54-a.m-768x768.png 768w, https:\/\/isas.mx\/wp-content\/uploads\/2025\/11\/ChatGPT-Image-27-nov-2025-11_14_54-a.m-12x12.png 12w, https:\/\/isas.mx\/wp-content\/uploads\/2025\/11\/ChatGPT-Image-27-nov-2025-11_14_54-a.m-600x600.png 600w, https:\/\/isas.mx\/wp-content\/uploads\/2025\/11\/ChatGPT-Image-27-nov-2025-11_14_54-a.m-100x100.png 100w\" sizes=\"(max-width: 800px) 100vw, 800px\" \/>\t\t\t\t\t\t\t\t\t\t\t\t\t\t\t<\/div>\n\t\t\t\t<div class=\"elementor-element elementor-element-2517644 elementor-widget elementor-widget-heading\" data-id=\"2517644\" data-element_type=\"widget\" data-e-type=\"widget\" data-widget_type=\"heading.default\">\n\t\t\t\t\t<h2 class=\"elementor-heading-title elementor-size-default\">Valor estrat\u00e9gico y competitividad.\n\n<\/h2>\t\t\t\t<\/div>\n\t\t\t\t<div class=\"elementor-element elementor-element-add343a elementor-widget elementor-widget-text-editor\" data-id=\"add343a\" data-element_type=\"widget\" data-e-type=\"widget\" data-widget_type=\"text-editor.default\">\n\t\t\t\t\t\t\t\t\t<p>Esta visi\u00f3n integral asegura cumplimiento y \u00a0adem\u00e1s, habilita operar con mayor confianza, eficiencia y ventaja competitiva en dos econom\u00edas clave de Europa.<\/p>\t\t\t\t\t\t\t\t<\/div>\n\t\t\t\t<\/div>\n\t\t\t\t<\/div>\n\t\t\t\t\t<\/div>\n\t\t\t\t<\/div>\n\t\t<div class=\"elementor-element elementor-element-b7e46ed e-flex e-con-boxed e-con e-parent\" data-id=\"b7e46ed\" data-element_type=\"container\" data-e-type=\"container\">\n\t\t\t\t\t<div class=\"e-con-inner\">\n\t\t\t\t<div class=\"elementor-element elementor-element-e4f1f4a elementor-widget elementor-widget-html\" data-id=\"e4f1f4a\" data-element_type=\"widget\" data-e-type=\"widget\" data-widget_type=\"html.default\">\n\t\t\t\t\t<tr>\n  <td align=\"center\" style=\"padding-bottom:30px; text-align:center;\">\n    <a href=\"https:\/\/outlook.office.com\/book\/ReunioninformativaISS@NETORG18698044.onmicrosoft.com\/?ismsaljsauthenabled\"\n       style=\"background:#51A7DC; color:#ffffff; padding:12px 22px; text-decoration:none; border-radius:6px; font-size:14px; font-weight:bold; display:inline-block; margin:0 auto;\">\n       Agendar una reuni\u00f3n informativa\n    <\/a>\n  <\/td>\n<\/tr>\n\t\t\t\t<\/div>\n\t\t\t\t\t<\/div>\n\t\t\t\t<\/div>\n\t\t\t\t<\/div>\n\t\t","protected":false},"excerpt":{"rendered":"<p>Precios de Transferencia sin Fronteras Conectando Europa con Am\u00e9rica Europa &#8211; Italia y Francia Nuestros International Desks para Italia y Francia combinan experiencia global, conocimiento local y una visi\u00f3n estrat\u00e9gica que impulsa el crecimiento y la eficiencia fiscal de tu empresa. Servicios en la sede: PRECIOS DE TRANSFERENCIA Diagn\u00f3stico y Riesgo:\u00a0Identificaci\u00f3n de operaciones vinculadas, An\u00e1lisis [&hellip;]<\/p>\n","protected":false},"author":1,"featured_media":0,"parent":0,"menu_order":0,"comment_status":"closed","ping_status":"closed","template":"","meta":{"_acf_changed":false,"footnotes":""},"class_list":["post-1511","page","type-page","status-publish","hentry"],"acf":[],"_links":{"self":[{"href":"https:\/\/isas.mx\/es\/wp-json\/wp\/v2\/pages\/1511","targetHints":{"allow":["GET"]}}],"collection":[{"href":"https:\/\/isas.mx\/es\/wp-json\/wp\/v2\/pages"}],"about":[{"href":"https:\/\/isas.mx\/es\/wp-json\/wp\/v2\/types\/page"}],"author":[{"embeddable":true,"href":"https:\/\/isas.mx\/es\/wp-json\/wp\/v2\/users\/1"}],"replies":[{"embeddable":true,"href":"https:\/\/isas.mx\/es\/wp-json\/wp\/v2\/comments?post=1511"}],"version-history":[{"count":89,"href":"https:\/\/isas.mx\/es\/wp-json\/wp\/v2\/pages\/1511\/revisions"}],"predecessor-version":[{"id":1761,"href":"https:\/\/isas.mx\/es\/wp-json\/wp\/v2\/pages\/1511\/revisions\/1761"}],"wp:attachment":[{"href":"https:\/\/isas.mx\/es\/wp-json\/wp\/v2\/media?parent=1511"}],"curies":[{"name":"wp","href":"https:\/\/api.w.org\/{rel}","templated":true}]}}