{"id":1818,"date":"2025-12-22T10:43:22","date_gmt":"2025-12-22T16:43:22","guid":{"rendered":"https:\/\/isas.mx\/?page_id=1818"},"modified":"2025-12-22T12:35:55","modified_gmt":"2025-12-22T18:35:55","slug":"servicios-documentacion","status":"publish","type":"page","link":"https:\/\/isas.mx\/en\/servicios-documentacion\/","title":{"rendered":"Servicios- Documentaci\u00f3n"},"content":{"rendered":"\t\t<div data-elementor-type=\"wp-page\" data-elementor-id=\"1818\" class=\"elementor elementor-1818\" data-elementor-settings=\"{&quot;element_pack_global_tooltip_width&quot;:{&quot;unit&quot;:&quot;px&quot;,&quot;size&quot;:&quot;&quot;,&quot;sizes&quot;:[]},&quot;element_pack_global_tooltip_width_tablet&quot;:{&quot;unit&quot;:&quot;px&quot;,&quot;size&quot;:&quot;&quot;,&quot;sizes&quot;:[]},&quot;element_pack_global_tooltip_width_mobile&quot;:{&quot;unit&quot;:&quot;px&quot;,&quot;size&quot;:&quot;&quot;,&quot;sizes&quot;:[]},&quot;element_pack_global_tooltip_padding&quot;:{&quot;unit&quot;:&quot;px&quot;,&quot;top&quot;:&quot;&quot;,&quot;right&quot;:&quot;&quot;,&quot;bottom&quot;:&quot;&quot;,&quot;left&quot;:&quot;&quot;,&quot;isLinked&quot;:true},&quot;element_pack_global_tooltip_padding_tablet&quot;:{&quot;unit&quot;:&quot;px&quot;,&quot;top&quot;:&quot;&quot;,&quot;right&quot;:&quot;&quot;,&quot;bottom&quot;:&quot;&quot;,&quot;left&quot;:&quot;&quot;,&quot;isLinked&quot;:true},&quot;element_pack_global_tooltip_padding_mobile&quot;:{&quot;unit&quot;:&quot;px&quot;,&quot;top&quot;:&quot;&quot;,&quot;right&quot;:&quot;&quot;,&quot;bottom&quot;:&quot;&quot;,&quot;left&quot;:&quot;&quot;,&quot;isLinked&quot;:true},&quot;element_pack_global_tooltip_border_radius&quot;:{&quot;unit&quot;:&quot;px&quot;,&quot;top&quot;:&quot;&quot;,&quot;right&quot;:&quot;&quot;,&quot;bottom&quot;:&quot;&quot;,&quot;left&quot;:&quot;&quot;,&quot;isLinked&quot;:true},&quot;element_pack_global_tooltip_border_radius_tablet&quot;:{&quot;unit&quot;:&quot;px&quot;,&quot;top&quot;:&quot;&quot;,&quot;right&quot;:&quot;&quot;,&quot;bottom&quot;:&quot;&quot;,&quot;left&quot;:&quot;&quot;,&quot;isLinked&quot;:true},&quot;element_pack_global_tooltip_border_radius_mobile&quot;:{&quot;unit&quot;:&quot;px&quot;,&quot;top&quot;:&quot;&quot;,&quot;right&quot;:&quot;&quot;,&quot;bottom&quot;:&quot;&quot;,&quot;left&quot;:&quot;&quot;,&quot;isLinked&quot;:true}}\" data-elementor-post-type=\"page\">\n\t\t\t\t<div class=\"elementor-element elementor-element-77b792c e-flex e-con-boxed e-con e-parent\" data-id=\"77b792c\" data-element_type=\"container\" data-e-type=\"container\" data-settings=\"{&quot;background_background&quot;:&quot;slideshow&quot;,&quot;background_slideshow_gallery&quot;:[{&quot;id&quot;:1821,&quot;url&quot;:&quot;http:\\\/\\\/isas.mx\\\/wp-content\\\/uploads\\\/2025\\\/12\\\/ChatGPT-Image-22-dic-2025-10_27_49-a.m.png&quot;}],&quot;background_slideshow_loop&quot;:&quot;yes&quot;,&quot;background_slideshow_slide_duration&quot;:5000,&quot;background_slideshow_slide_transition&quot;:&quot;fade&quot;,&quot;background_slideshow_transition_duration&quot;:500}\">\n\t\t\t\t\t<div class=\"e-con-inner\">\n\t\t\t\t<div class=\"elementor-element elementor-element-74352bb elementor-widget elementor-widget-heading\" data-id=\"74352bb\" data-element_type=\"widget\" data-e-type=\"widget\" data-widget_type=\"heading.default\">\n\t\t\t\t\t<h1 class=\"elementor-heading-title elementor-size-default\">Documentaci\u00f3n de Precios de Transferencia en M\u00e9xico<\/h1>\t\t\t\t<\/div>\n\t\t\t\t\t<\/div>\n\t\t\t\t<\/div>\n\t\t<div class=\"elementor-element elementor-element-76aa376 e-flex e-con-boxed e-con e-parent\" data-id=\"76aa376\" data-element_type=\"container\" data-e-type=\"container\">\n\t\t\t\t\t<div class=\"e-con-inner\">\n\t\t\t\t<div class=\"elementor-element elementor-element-466b5ea elementor-widget elementor-widget-text-editor\" data-id=\"466b5ea\" data-element_type=\"widget\" data-e-type=\"widget\" data-widget_type=\"text-editor.default\">\n\t\t\t\t\t\t\t\t\t<blockquote data-start=\"540\" data-end=\"1000\"><p data-start=\"542\" data-end=\"752\">La documentaci\u00f3n de precios de transferencia es el principal medio para demostrar ante la autoridad fiscal que las operaciones entre partes relacionadas se realizaron conforme al Principio de Plena Competencia.<\/p><p data-start=\"757\" data-end=\"1000\">En IS\u00c1S apoyamos a empresas <b>nacionales<\/b> y grupos <b>multinacionales<\/b> en la elaboraci\u00f3n, actualizaci\u00f3n y defensa de la documentaci\u00f3n <b>obligatoria<\/b> en materia de precios de transferencia, alineada a la normativa mexicana y a las Directrices de la OCDE.<\/p><\/blockquote><hr data-start=\"1002\" data-end=\"1005\" \/>\t\t\t\t\t\t\t\t<\/div>\n\t\t\t\t\t<\/div>\n\t\t\t\t<\/div>\n\t\t<div class=\"elementor-element elementor-element-6df97da e-flex e-con-boxed e-con e-parent\" data-id=\"6df97da\" data-element_type=\"container\" data-e-type=\"container\">\n\t\t\t\t\t<div class=\"e-con-inner\">\n\t\t\t\t<div class=\"elementor-element elementor-element-250161a elementor-widget elementor-widget-heading\" data-id=\"250161a\" data-element_type=\"widget\" data-e-type=\"widget\" data-widget_type=\"heading.default\">\n\t\t\t\t\t<h2 class=\"elementor-heading-title elementor-size-default\">\u00bfQu\u00e9 es la Documentaci\u00f3n de Precios de Transferencia?<\/h2>\t\t\t\t<\/div>\n\t\t\t\t\t<\/div>\n\t\t\t\t<\/div>\n\t\t<div class=\"elementor-element elementor-element-01c6017 e-grid e-con-boxed e-con e-parent\" data-id=\"01c6017\" data-element_type=\"container\" data-e-type=\"container\">\n\t\t\t\t\t<div class=\"e-con-inner\">\n\t\t\t\t<div class=\"elementor-element elementor-element-7ea5024 elementor-widget elementor-widget-text-editor\" data-id=\"7ea5024\" data-element_type=\"widget\" data-e-type=\"widget\" data-widget_type=\"text-editor.default\">\n\t\t\t\t\t\t\t\t\t<p data-start=\"1073\" data-end=\"1291\"><br><\/p><p data-start=\"1073\" data-end=\"1291\">La documentaci\u00f3n de precios de transferencia consiste en el conjunto de an\u00e1lisis t\u00e9cnicos, econ\u00f3micos y financieros que sustentan que las operaciones entre partes relacionadas se encuentran pactadas a valor de mercado.<\/p>\n<p data-start=\"1296\" data-end=\"1507\"><br><\/p><p data-start=\"1296\" data-end=\"1507\">Su objetivo principal es permitir a las autoridades fiscales evaluar si los ingresos, costos y utilidades reportadas por una empresa reflejan adecuadamente la realidad econ\u00f3mica de sus operaciones intercompa\u00f1\u00eda.<\/p>\t\t\t\t\t\t\t\t<\/div>\n\t\t\t\t<div class=\"elementor-element elementor-element-973af22 elementor-widget elementor-widget-image\" data-id=\"973af22\" data-element_type=\"widget\" data-e-type=\"widget\" data-widget_type=\"image.default\">\n\t\t\t\t\t\t\t\t\t\t\t\t\t\t\t<img fetchpriority=\"high\" decoding=\"async\" width=\"768\" height=\"768\" src=\"https:\/\/isas.mx\/wp-content\/uploads\/2025\/12\/ChatGPT-Image-22-dic-2025-10_52_58-a.m-768x768.png\" class=\"attachment-medium_large size-medium_large wp-image-1825\" alt=\"\" srcset=\"https:\/\/isas.mx\/wp-content\/uploads\/2025\/12\/ChatGPT-Image-22-dic-2025-10_52_58-a.m-768x768.png 768w, https:\/\/isas.mx\/wp-content\/uploads\/2025\/12\/ChatGPT-Image-22-dic-2025-10_52_58-a.m-300x300.png 300w, https:\/\/isas.mx\/wp-content\/uploads\/2025\/12\/ChatGPT-Image-22-dic-2025-10_52_58-a.m-150x150.png 150w, https:\/\/isas.mx\/wp-content\/uploads\/2025\/12\/ChatGPT-Image-22-dic-2025-10_52_58-a.m-12x12.png 12w, https:\/\/isas.mx\/wp-content\/uploads\/2025\/12\/ChatGPT-Image-22-dic-2025-10_52_58-a.m-600x600.png 600w, https:\/\/isas.mx\/wp-content\/uploads\/2025\/12\/ChatGPT-Image-22-dic-2025-10_52_58-a.m-100x100.png 100w, https:\/\/isas.mx\/wp-content\/uploads\/2025\/12\/ChatGPT-Image-22-dic-2025-10_52_58-a.m.png 1024w\" sizes=\"(max-width: 768px) 100vw, 768px\" \/>\t\t\t\t\t\t\t\t\t\t\t\t\t\t\t<\/div>\n\t\t\t\t\t<\/div>\n\t\t\t\t<\/div>\n\t\t<div class=\"elementor-element elementor-element-90c55de e-flex e-con-boxed e-con e-parent\" data-id=\"90c55de\" data-element_type=\"container\" data-e-type=\"container\">\n\t\t\t\t\t<div class=\"e-con-inner\">\n\t\t\t\t<div class=\"elementor-element elementor-element-8550e31 elementor-widget elementor-widget-heading\" data-id=\"8550e31\" data-element_type=\"widget\" data-e-type=\"widget\" data-widget_type=\"heading.default\">\n\t\t\t\t\t<h2 class=\"elementor-heading-title elementor-size-default\">\u00bfQui\u00e9nes est\u00e1n obligados a contar con Documentaci\u00f3n de Precios de Transferencia?<\/h2>\t\t\t\t<\/div>\n\t\t\t\t\t<\/div>\n\t\t\t\t<\/div>\n\t\t<div class=\"elementor-element elementor-element-ed69ef9 e-grid e-con-boxed e-con e-parent\" data-id=\"ed69ef9\" data-element_type=\"container\" data-e-type=\"container\">\n\t\t\t\t\t<div class=\"e-con-inner\">\n\t\t\t\t<div class=\"elementor-element elementor-element-a030a92 elementor-widget elementor-widget-text-editor\" data-id=\"a030a92\" data-element_type=\"widget\" data-e-type=\"widget\" data-widget_type=\"text-editor.default\">\n\t\t\t\t\t\t\t\t\t<ul data-start=\"355\" data-end=\"952\"><li data-start=\"355\" data-end=\"470\"><p data-start=\"357\" data-end=\"470\">Empresas residentes en M\u00e9xico que <strong data-start=\"391\" data-end=\"467\">realicen operaciones con partes relacionadas residentes en el extranjero<\/strong>.<\/p><\/li><li data-start=\"471\" data-end=\"629\"><p data-start=\"473\" data-end=\"629\">Empresas residentes en M\u00e9xico que <strong data-start=\"507\" data-end=\"577\">realicen operaciones con partes relacionadas residentes en el pa\u00eds<\/strong>, cuando dichas operaciones tengan impacto fiscal.<\/p><\/li><li data-start=\"630\" data-end=\"722\"><p data-start=\"632\" data-end=\"722\">Sucursales en M\u00e9xico de empresas extranjeras que <strong data-start=\"681\" data-end=\"719\">realicen operaciones intercompa\u00f1\u00eda<\/strong>.<\/p><\/li><li data-start=\"723\" data-end=\"845\"><p data-start=\"725\" data-end=\"845\">Empresas que participen en <strong data-start=\"752\" data-end=\"842\">restructuraciones empresariales, cesi\u00f3n de intangibles o financiamientos intercompa\u00f1\u00eda<\/strong>.<\/p><\/li><li data-start=\"846\" data-end=\"952\"><p data-start=\"848\" data-end=\"952\">Contribuyentes que celebren <strong data-start=\"876\" data-end=\"927\">contratos de maquila o manufactura por contrato<\/strong> con partes relacionadas<\/p><\/li><\/ul>\t\t\t\t\t\t\t\t<\/div>\n\t\t\t\t<div class=\"elementor-element elementor-element-b66b9f8 elementor-widget elementor-widget-text-editor\" data-id=\"b66b9f8\" data-element_type=\"widget\" data-e-type=\"widget\" data-widget_type=\"text-editor.default\">\n\t\t\t\t\t\t\t\t\t<ul><li data-start=\"1036\" data-end=\"1108\"><p data-start=\"1038\" data-end=\"1108\">Grupos empresariales que formen parte de un <strong data-start=\"1082\" data-end=\"1105\">grupo multinacional<\/strong>.<\/p><\/li><li data-start=\"1109\" data-end=\"1254\"><p data-start=\"1111\" data-end=\"1254\">Empresas que se encuentren obligadas a presentar <strong data-start=\"1160\" data-end=\"1215\">Local File, Master File o Country-by-Country Report<\/strong>, conforme a la legislaci\u00f3n mexicana.<\/p><\/li><li data-start=\"1255\" data-end=\"1360\"><p data-start=\"1257\" data-end=\"1360\">Contribuyentes sujetos a <strong data-start=\"1282\" data-end=\"1318\">revisiones o auditor\u00edas fiscales<\/strong> en materia de precios de transferencia.<\/p><\/li><li data-start=\"1361\" data-end=\"1504\"><p data-start=\"1363\" data-end=\"1504\">Empresas que hayan sido identificadas por la autoridad fiscal como <strong data-start=\"1430\" data-end=\"1501\">contribuyentes con operaciones relevantes entre partes relacionadas<\/strong>.<\/p><\/li><li data-start=\"1505\" data-end=\"1620\"><p data-start=\"1507\" data-end=\"1620\">Grupos empresariales que superen los <strong data-start=\"1544\" data-end=\"1619\">umbrales de ingresos establecidos en la Ley del Impuesto sobre la Renta<\/strong>.<\/p><\/li><\/ul>\t\t\t\t\t\t\t\t<\/div>\n\t\t\t\t\t<\/div>\n\t\t\t\t<\/div>\n\t\t<div class=\"elementor-element elementor-element-347bd34 e-flex e-con-boxed e-con e-parent\" data-id=\"347bd34\" data-element_type=\"container\" data-e-type=\"container\">\n\t\t\t\t\t<div class=\"e-con-inner\">\n\t\t\t\t<div class=\"elementor-element elementor-element-651c2cb elementor-widget elementor-widget-text-editor\" data-id=\"651c2cb\" data-element_type=\"widget\" data-e-type=\"widget\" data-widget_type=\"text-editor.default\">\n\t\t\t\t\t\t\t\t\t<p>Identificar correctamente la obligaci\u00f3n de <b>documentaci\u00f3n<\/b> es <b>fundamental<\/b> para cumplir oportunamente y reducir riesgos fiscales derivados de operaciones entre partes relacionadas.<\/p>\t\t\t\t\t\t\t\t<\/div>\n\t\t\t\t\t<\/div>\n\t\t\t\t<\/div>\n\t\t<div class=\"elementor-element elementor-element-b188634 e-flex e-con-boxed e-con e-parent\" data-id=\"b188634\" data-element_type=\"container\" data-e-type=\"container\">\n\t\t\t\t\t<div class=\"e-con-inner\">\n\t\t\t\t<div class=\"elementor-element elementor-element-28a1a4c elementor-widget elementor-widget-heading\" data-id=\"28a1a4c\" data-element_type=\"widget\" data-e-type=\"widget\" data-widget_type=\"heading.default\">\n\t\t\t\t\t<h2 class=\"elementor-heading-title elementor-size-default\">Tipos de Documentaci\u00f3n de Precios de Transferencia<\/h2>\t\t\t\t<\/div>\n\t\t\t\t\t<\/div>\n\t\t\t\t<\/div>\n\t\t<div class=\"elementor-element elementor-element-48d4d2c e-flex e-con-boxed e-con e-parent\" data-id=\"48d4d2c\" data-element_type=\"container\" data-e-type=\"container\">\n\t\t\t\t\t<div class=\"e-con-inner\">\n\t\t<div class=\"elementor-element elementor-element-d2166b5 e-con-full e-flex e-con e-child\" data-id=\"d2166b5\" data-element_type=\"container\" data-e-type=\"container\">\n\t\t\t\t<div class=\"elementor-element elementor-element-189292a elementor-widget elementor-widget-text-editor\" data-id=\"189292a\" data-element_type=\"widget\" data-e-type=\"widget\" data-widget_type=\"text-editor.default\">\n\t\t\t\t\t\t\t\t\t<p data-start=\"2234\" data-end=\"2464\"><strong>Local File<\/strong><\/p>\t\t\t\t\t\t\t\t<\/div>\n\t\t\t\t<div class=\"elementor-element elementor-element-63c7c6f elementor-widget elementor-widget-text-editor\" data-id=\"63c7c6f\" data-element_type=\"widget\" data-e-type=\"widget\" data-widget_type=\"text-editor.default\">\n\t\t\t\t\t\t\t\t\t<p>El Local File contiene el an\u00e1lisis detallado de las operaciones realizadas por la entidad local, incluyendo el estudio funcional, la selecci\u00f3n del m\u00e9todo de precios de transferencia y el an\u00e1lisis de comparabilidad correspondiente.<\/p>\t\t\t\t\t\t\t\t<\/div>\n\t\t\t\t<\/div>\n\t\t<div class=\"elementor-element elementor-element-933dea1 e-con-full e-flex e-con e-child\" data-id=\"933dea1\" data-element_type=\"container\" data-e-type=\"container\">\n\t\t\t\t<div class=\"elementor-element elementor-element-c969109 elementor-widget elementor-widget-text-editor\" data-id=\"c969109\" data-element_type=\"widget\" data-e-type=\"widget\" data-widget_type=\"text-editor.default\">\n\t\t\t\t\t\t\t\t\t<p><strong style=\"text-align: var(--text-align);\">Master File<\/strong><\/p>\t\t\t\t\t\t\t\t<\/div>\n\t\t\t\t<div class=\"elementor-element elementor-element-8694e88 elementor-widget elementor-widget-text-editor\" data-id=\"8694e88\" data-element_type=\"widget\" data-e-type=\"widget\" data-widget_type=\"text-editor.default\">\n\t\t\t\t\t\t\t\t\t<p>El Master File proporciona una visi\u00f3n global del grupo empresarial, describiendo su estructura organizacional, actividades econ\u00f3micas, intangibles, pol\u00edtica de financiamiento y pol\u00edtica general de precios de transferencia.<\/p>\t\t\t\t\t\t\t\t<\/div>\n\t\t\t\t<\/div>\n\t\t<div class=\"elementor-element elementor-element-732ab7e e-con-full e-flex e-con e-child\" data-id=\"732ab7e\" data-element_type=\"container\" data-e-type=\"container\">\n\t\t\t\t<div class=\"elementor-element elementor-element-dd5d08e elementor-widget elementor-widget-text-editor\" data-id=\"dd5d08e\" data-element_type=\"widget\" data-e-type=\"widget\" data-widget_type=\"text-editor.default\">\n\t\t\t\t\t\t\t\t\t<p><strong>\u00a0 \u00a0 \u00a0 \u00a0 Country-by-Country Report<\/strong><\/p>\t\t\t\t\t\t\t\t<\/div>\n\t\t\t\t<div class=\"elementor-element elementor-element-c1927cd elementor-widget elementor-widget-text-editor\" data-id=\"c1927cd\" data-element_type=\"widget\" data-e-type=\"widget\" data-widget_type=\"text-editor.default\">\n\t\t\t\t\t\t\t\t\t<blockquote data-start=\"2765\" data-end=\"3028\"><p data-start=\"2767\" data-end=\"3028\">El Country-by-Country Report aplica a grupos multinacionales que superan ciertos umbrales de ingresos y tiene como finalidad reportar informaci\u00f3n financiera y fiscal por jurisdicci\u00f3n, permitiendo a las autoridades evaluar riesgos de erosi\u00f3n de la base gravable<\/p><\/blockquote>\t\t\t\t\t\t\t\t<\/div>\n\t\t\t\t<\/div>\n\t\t\t\t\t<\/div>\n\t\t\t\t<\/div>\n\t\t<div class=\"elementor-element elementor-element-0567e16 e-flex e-con-boxed e-con e-parent\" data-id=\"0567e16\" data-element_type=\"container\" data-e-type=\"container\">\n\t\t\t\t\t<div class=\"e-con-inner\">\n\t\t\t\t<div class=\"elementor-element elementor-element-b47d76f elementor-widget elementor-widget-image\" data-id=\"b47d76f\" data-element_type=\"widget\" data-e-type=\"widget\" data-widget_type=\"image.default\">\n\t\t\t\t\t\t\t\t\t\t\t\t\t\t\t<img decoding=\"async\" width=\"150\" height=\"150\" src=\"https:\/\/isas.mx\/wp-content\/uploads\/2025\/12\/ChatGPT-Image-22-dic-2025-11_51_48-a.m-150x150.png\" class=\"attachment-thumbnail size-thumbnail wp-image-1838\" alt=\"\" srcset=\"https:\/\/isas.mx\/wp-content\/uploads\/2025\/12\/ChatGPT-Image-22-dic-2025-11_51_48-a.m-150x150.png 150w, https:\/\/isas.mx\/wp-content\/uploads\/2025\/12\/ChatGPT-Image-22-dic-2025-11_51_48-a.m-300x300.png 300w, https:\/\/isas.mx\/wp-content\/uploads\/2025\/12\/ChatGPT-Image-22-dic-2025-11_51_48-a.m-768x768.png 768w, https:\/\/isas.mx\/wp-content\/uploads\/2025\/12\/ChatGPT-Image-22-dic-2025-11_51_48-a.m-12x12.png 12w, https:\/\/isas.mx\/wp-content\/uploads\/2025\/12\/ChatGPT-Image-22-dic-2025-11_51_48-a.m-600x600.png 600w, https:\/\/isas.mx\/wp-content\/uploads\/2025\/12\/ChatGPT-Image-22-dic-2025-11_51_48-a.m-100x100.png 100w, https:\/\/isas.mx\/wp-content\/uploads\/2025\/12\/ChatGPT-Image-22-dic-2025-11_51_48-a.m.png 1024w\" sizes=\"(max-width: 150px) 100vw, 150px\" \/>\t\t\t\t\t\t\t\t\t\t\t\t\t\t\t<\/div>\n\t\t\t\t\t<\/div>\n\t\t\t\t<\/div>\n\t\t<div class=\"elementor-element elementor-element-30bed21 e-flex e-con-boxed e-con e-parent\" data-id=\"30bed21\" data-element_type=\"container\" data-e-type=\"container\">\n\t\t\t\t\t<div class=\"e-con-inner\">\n\t\t\t\t<div class=\"elementor-element elementor-element-1c815ff elementor-widget elementor-widget-heading\" data-id=\"1c815ff\" data-element_type=\"widget\" data-e-type=\"widget\" data-widget_type=\"heading.default\">\n\t\t\t\t\t<h2 class=\"elementor-heading-title elementor-size-default\">Beneficios de una Documentaci\u00f3n de Precios de Transferencia s\u00f3lida<\/h2>\t\t\t\t<\/div>\n\t\t\t\t\t<\/div>\n\t\t\t\t<\/div>\n\t\t<div class=\"elementor-element elementor-element-6f65072 e-grid e-con-boxed e-con e-parent\" data-id=\"6f65072\" data-element_type=\"container\" data-e-type=\"container\">\n\t\t\t\t\t<div class=\"e-con-inner\">\n\t\t\t\t<div class=\"elementor-element elementor-element-c4b9553 elementor-widget elementor-widget-text-editor\" data-id=\"c4b9553\" data-element_type=\"widget\" data-e-type=\"widget\" data-widget_type=\"text-editor.default\">\n\t\t\t\t\t\t\t\t\t<p data-start=\"4783\" data-end=\"4840\">\u00a0<\/p><p data-start=\"4783\" data-end=\"4840\">Contar con documentaci\u00f3n adecuada permite a las empresas:<\/p><p data-start=\"4783\" data-end=\"4840\">\u00a0<\/p><ul data-start=\"4845\" data-end=\"5106\"><li data-start=\"4845\" data-end=\"4900\"><p data-start=\"4847\" data-end=\"4900\">Cumplir oportunamente con sus obligaciones fiscales<\/p><\/li><li data-start=\"4903\" data-end=\"4949\"><p data-start=\"4905\" data-end=\"4949\"><strong>Reducir riesgos<\/strong> de fiscalizaci\u00f3n y ajustes<\/p><\/li><li data-start=\"4952\" data-end=\"4994\"><p data-start=\"4954\" data-end=\"4994\">Fortalecer su posici\u00f3n ante auditor\u00edas<\/p><\/li><li data-start=\"4997\" data-end=\"5049\"><p data-start=\"4999\" data-end=\"5049\">Brindar certeza a la planeaci\u00f3n fiscal del grupo<\/p><\/li><li data-start=\"5052\" data-end=\"5106\"><p data-start=\"5054\" data-end=\"5106\"><strong>Facilitar<\/strong> la defensa en <strong>procedimientos<\/strong> de revisi\u00f3n<\/p><\/li><\/ul>\t\t\t\t\t\t\t\t<\/div>\n\t\t\t\t<div class=\"elementor-element elementor-element-fea14be elementor-widget elementor-widget-image\" data-id=\"fea14be\" data-element_type=\"widget\" data-e-type=\"widget\" data-widget_type=\"image.default\">\n\t\t\t\t\t\t\t\t\t\t\t\t\t\t\t<img decoding=\"async\" width=\"800\" height=\"800\" src=\"https:\/\/isas.mx\/wp-content\/uploads\/2025\/12\/ChatGPT-Image-22-dic-2025-12_18_05-p.m.png\" class=\"attachment-large size-large wp-image-1844\" alt=\"\" srcset=\"https:\/\/isas.mx\/wp-content\/uploads\/2025\/12\/ChatGPT-Image-22-dic-2025-12_18_05-p.m.png 1024w, https:\/\/isas.mx\/wp-content\/uploads\/2025\/12\/ChatGPT-Image-22-dic-2025-12_18_05-p.m-300x300.png 300w, https:\/\/isas.mx\/wp-content\/uploads\/2025\/12\/ChatGPT-Image-22-dic-2025-12_18_05-p.m-150x150.png 150w, https:\/\/isas.mx\/wp-content\/uploads\/2025\/12\/ChatGPT-Image-22-dic-2025-12_18_05-p.m-768x768.png 768w, https:\/\/isas.mx\/wp-content\/uploads\/2025\/12\/ChatGPT-Image-22-dic-2025-12_18_05-p.m-12x12.png 12w, https:\/\/isas.mx\/wp-content\/uploads\/2025\/12\/ChatGPT-Image-22-dic-2025-12_18_05-p.m-600x600.png 600w, https:\/\/isas.mx\/wp-content\/uploads\/2025\/12\/ChatGPT-Image-22-dic-2025-12_18_05-p.m-100x100.png 100w\" sizes=\"(max-width: 800px) 100vw, 800px\" \/>\t\t\t\t\t\t\t\t\t\t\t\t\t\t\t<\/div>\n\t\t\t\t\t<\/div>\n\t\t\t\t<\/div>\n\t\t<div class=\"elementor-element elementor-element-ef1026d e-flex e-con-boxed e-con e-parent\" data-id=\"ef1026d\" data-element_type=\"container\" data-e-type=\"container\">\n\t\t\t\t\t<div class=\"e-con-inner\">\n\t\t\t\t<div class=\"elementor-element elementor-element-b5c5b3d elementor-widget elementor-widget-heading\" data-id=\"b5c5b3d\" data-element_type=\"widget\" data-e-type=\"widget\" data-widget_type=\"heading.default\">\n\t\t\t\t\t<h2 class=\"elementor-heading-title elementor-size-default\">Asesor\u00eda especializada en Documentaci\u00f3n de Precios de Transferencia<\/h2>\t\t\t\t<\/div>\n\t\t\t\t\t<\/div>\n\t\t\t\t<\/div>\n\t\t<div class=\"elementor-element elementor-element-5e4c48b e-flex e-con-boxed e-con e-parent\" data-id=\"5e4c48b\" data-element_type=\"container\" data-e-type=\"container\">\n\t\t\t\t\t<div class=\"e-con-inner\">\n\t\t\t\t<div class=\"elementor-element elementor-element-286c6ba elementor-widget elementor-widget-text-editor\" data-id=\"286c6ba\" data-element_type=\"widget\" data-e-type=\"widget\" data-widget_type=\"text-editor.default\">\n\t\t\t\t\t\t\t\t\t<p data-start=\"5199\" data-end=\"5356\">La correcta preparaci\u00f3n de la documentaci\u00f3n de precios de transferencia es un elemento clave para la gesti\u00f3n de riesgos fiscales y el cumplimiento normativo.<\/p><p data-start=\"5361\" data-end=\"5572\">En IS\u00c1S acompa\u00f1amos a nuestros clientes en todo el proceso de documentaci\u00f3n, desde el an\u00e1lisis inicial hasta la atenci\u00f3n de requerimientos de la autoridad, brindando respaldo t\u00e9cnico y experiencia especializada.<\/p>\t\t\t\t\t\t\t\t<\/div>\n\t\t\t\t\t<\/div>\n\t\t\t\t<\/div>\n\t\t<div class=\"elementor-element elementor-element-43f1a7d e-flex e-con-boxed e-con e-parent\" data-id=\"43f1a7d\" data-element_type=\"container\" data-e-type=\"container\">\n\t\t\t\t\t<div class=\"e-con-inner\">\n\t\t\t\t<div class=\"elementor-element elementor-element-76e128b elementor-widget elementor-widget-html\" data-id=\"76e128b\" data-element_type=\"widget\" data-e-type=\"widget\" data-widget_type=\"html.default\">\n\t\t\t\t\t<div style=\"text-align:center; width:100%; margin-top:20px;\">\n  <a href=\"https:\/\/isas.mx\/es\/contacto\/\"\n     style=\"\n       background-color:#1EA9E1;\n       color:#000000;\n       padding:14px 32px;\n       text-decoration:none;\n       border-radius:6px;\n       font-size:16px;\n       font-weight:600;\n       display:inline-block;\n     \">\n     Cont\u00e1ctanos\n  <\/a>\n<\/div>\n\t\t\t\t<\/div>\n\t\t\t\t\t<\/div>\n\t\t\t\t<\/div>\n\t\t\t\t<\/div>\n\t\t","protected":false},"excerpt":{"rendered":"<p>Documentaci\u00f3n de Precios de Transferencia en M\u00e9xico La documentaci\u00f3n de precios de transferencia es el principal medio para demostrar ante la autoridad fiscal que las operaciones entre partes relacionadas se realizaron conforme al Principio de Plena Competencia. En IS\u00c1S apoyamos a empresas nacionales y grupos multinacionales en la elaboraci\u00f3n, actualizaci\u00f3n y defensa de la documentaci\u00f3n [&hellip;]<\/p>\n","protected":false},"author":1,"featured_media":0,"parent":0,"menu_order":0,"comment_status":"closed","ping_status":"closed","template":"","meta":{"_acf_changed":false,"footnotes":""},"class_list":["post-1818","page","type-page","status-publish","hentry"],"acf":[],"_links":{"self":[{"href":"https:\/\/isas.mx\/en\/wp-json\/wp\/v2\/pages\/1818","targetHints":{"allow":["GET"]}}],"collection":[{"href":"https:\/\/isas.mx\/en\/wp-json\/wp\/v2\/pages"}],"about":[{"href":"https:\/\/isas.mx\/en\/wp-json\/wp\/v2\/types\/page"}],"author":[{"embeddable":true,"href":"https:\/\/isas.mx\/en\/wp-json\/wp\/v2\/users\/1"}],"replies":[{"embeddable":true,"href":"https:\/\/isas.mx\/en\/wp-json\/wp\/v2\/comments?post=1818"}],"version-history":[{"count":27,"href":"https:\/\/isas.mx\/en\/wp-json\/wp\/v2\/pages\/1818\/revisions"}],"predecessor-version":[{"id":1855,"href":"https:\/\/isas.mx\/en\/wp-json\/wp\/v2\/pages\/1818\/revisions\/1855"}],"wp:attachment":[{"href":"https:\/\/isas.mx\/en\/wp-json\/wp\/v2\/media?parent=1818"}],"curies":[{"name":"wp","href":"https:\/\/api.w.org\/{rel}","templated":true}]}}