{"id":406,"date":"2025-08-09T02:48:20","date_gmt":"2025-08-09T02:48:20","guid":{"rendered":"https:\/\/isas.tule.studio\/?page_id=406"},"modified":"2025-10-17T11:10:06","modified_gmt":"2025-10-17T17:10:06","slug":"social","status":"publish","type":"page","link":"http:\/\/isas.mx\/es\/social\/","title":{"rendered":"Social"},"content":{"rendered":"\t\t<div data-elementor-type=\"wp-page\" data-elementor-id=\"406\" class=\"elementor elementor-406\" data-elementor-settings=\"{&quot;element_pack_global_tooltip_width&quot;:{&quot;unit&quot;:&quot;px&quot;,&quot;size&quot;:&quot;&quot;,&quot;sizes&quot;:[]},&quot;element_pack_global_tooltip_width_tablet&quot;:{&quot;unit&quot;:&quot;px&quot;,&quot;size&quot;:&quot;&quot;,&quot;sizes&quot;:[]},&quot;element_pack_global_tooltip_width_mobile&quot;:{&quot;unit&quot;:&quot;px&quot;,&quot;size&quot;:&quot;&quot;,&quot;sizes&quot;:[]},&quot;element_pack_global_tooltip_padding&quot;:{&quot;unit&quot;:&quot;px&quot;,&quot;top&quot;:&quot;&quot;,&quot;right&quot;:&quot;&quot;,&quot;bottom&quot;:&quot;&quot;,&quot;left&quot;:&quot;&quot;,&quot;isLinked&quot;:true},&quot;element_pack_global_tooltip_padding_tablet&quot;:{&quot;unit&quot;:&quot;px&quot;,&quot;top&quot;:&quot;&quot;,&quot;right&quot;:&quot;&quot;,&quot;bottom&quot;:&quot;&quot;,&quot;left&quot;:&quot;&quot;,&quot;isLinked&quot;:true},&quot;element_pack_global_tooltip_padding_mobile&quot;:{&quot;unit&quot;:&quot;px&quot;,&quot;top&quot;:&quot;&quot;,&quot;right&quot;:&quot;&quot;,&quot;bottom&quot;:&quot;&quot;,&quot;left&quot;:&quot;&quot;,&quot;isLinked&quot;:true},&quot;element_pack_global_tooltip_border_radius&quot;:{&quot;unit&quot;:&quot;px&quot;,&quot;top&quot;:&quot;&quot;,&quot;right&quot;:&quot;&quot;,&quot;bottom&quot;:&quot;&quot;,&quot;left&quot;:&quot;&quot;,&quot;isLinked&quot;:true},&quot;element_pack_global_tooltip_border_radius_tablet&quot;:{&quot;unit&quot;:&quot;px&quot;,&quot;top&quot;:&quot;&quot;,&quot;right&quot;:&quot;&quot;,&quot;bottom&quot;:&quot;&quot;,&quot;left&quot;:&quot;&quot;,&quot;isLinked&quot;:true},&quot;element_pack_global_tooltip_border_radius_mobile&quot;:{&quot;unit&quot;:&quot;px&quot;,&quot;top&quot;:&quot;&quot;,&quot;right&quot;:&quot;&quot;,&quot;bottom&quot;:&quot;&quot;,&quot;left&quot;:&quot;&quot;,&quot;isLinked&quot;:true}}\" data-elementor-post-type=\"page\">\n\t\t\t\t<div class=\"elementor-element elementor-element-2736b29 e-flex e-con-boxed e-con e-parent\" data-id=\"2736b29\" data-element_type=\"container\" data-e-type=\"container\" data-settings=\"{&quot;background_background&quot;:&quot;classic&quot;}\">\n\t\t\t\t\t<div class=\"e-con-inner\">\n\t\t<div class=\"elementor-element elementor-element-f707569 e-con-full e-flex e-con e-child\" data-id=\"f707569\" data-element_type=\"container\" data-e-type=\"container\">\n\t\t\t\t<div class=\"elementor-element elementor-element-00ecafc elementor-widget elementor-widget-heading\" data-id=\"00ecafc\" data-element_type=\"widget\" data-e-type=\"widget\" data-widget_type=\"heading.default\">\n\t\t\t\t\t<h2 class=\"elementor-heading-title elementor-size-default\">Responsabilidad Social<\/h2>\t\t\t\t<\/div>\n\t\t\t\t<div class=\"elementor-element elementor-element-55e0ea6 elementor-widget elementor-widget-heading\" data-id=\"55e0ea6\" data-element_type=\"widget\" data-e-type=\"widget\" data-widget_type=\"heading.default\">\n\t\t\t\t\t<h3 class=\"elementor-heading-title elementor-size-default\">\u2014\u2014 El impacto que trasciende lo fiscal \u2014\u2014<\/h3>\t\t\t\t<\/div>\n\t\t\t\t<div class=\"elementor-element elementor-element-3a39267 elementor-widget elementor-widget-text-editor\" data-id=\"3a39267\" data-element_type=\"widget\" data-e-type=\"widget\" data-widget_type=\"text-editor.default\">\n\t\t\t\t\t\t\t\t\t<p>En IS\u00c1S integramos la responsabilidad social a nuestra esencia. Promovemos inclusi\u00f3n, sostenibilidad ambiental, bienestar laboral y participaci\u00f3n activa para generar un impacto positivo en nuestro entorno.<\/p>\t\t\t\t\t\t\t\t<\/div>\n\t\t\t\t<div class=\"elementor-element elementor-element-164899b elementor-widget__width-auto animated-slow elementor-invisible elementor-widget elementor-widget-button\" data-id=\"164899b\" data-element_type=\"widget\" data-e-type=\"widget\" data-settings=\"{&quot;_animation&quot;:&quot;fadeIn&quot;}\" data-widget_type=\"button.default\">\n\t\t\t\t\t\t\t\t\t\t<a class=\"elementor-button elementor-button-link elementor-size-sm\" href=\"https:\/\/isas.mx\/contacto\/\">\n\t\t\t\t\t\t<span class=\"elementor-button-content-wrapper\">\n\t\t\t\t\t\t<span class=\"elementor-button-icon\">\n\t\t\t\t<svg aria-hidden=\"true\" class=\"e-font-icon-svg e-fas-arrow-right\" viewBox=\"0 0 448 512\" xmlns=\"http:\/\/www.w3.org\/2000\/svg\"><path d=\"M190.5 66.9l22.2-22.2c9.4-9.4 24.6-9.4 33.9 0L441 239c9.4 9.4 9.4 24.6 0 33.9L246.6 467.3c-9.4 9.4-24.6 9.4-33.9 0l-22.2-22.2c-9.5-9.5-9.3-25 .4-34.3L311.4 296H24c-13.3 0-24-10.7-24-24v-32c0-13.3 10.7-24 24-24h287.4L190.9 101.2c-9.8-9.3-10-24.8-.4-34.3z\"><\/path><\/svg>\t\t\t<\/span>\n\t\t\t\t\t\t\t\t\t<span class=\"elementor-button-text\">Cont\u00e1ctanos<\/span>\n\t\t\t\t\t<\/span>\n\t\t\t\t\t<\/a>\n\t\t\t\t\t\t\t\t<\/div>\n\t\t\t\t<\/div>\n\t\t\t\t\t<\/div>\n\t\t\t\t<\/div>\n\t\t<div class=\"elementor-element elementor-element-2b88fab e-flex e-con-boxed e-con e-parent\" data-id=\"2b88fab\" data-element_type=\"container\" data-e-type=\"container\">\n\t\t\t\t\t<div class=\"e-con-inner\">\n\t\t<div class=\"elementor-element elementor-element-d4191ce e-con-full e-flex e-con e-child\" data-id=\"d4191ce\" data-element_type=\"container\" data-e-type=\"container\">\n\t\t<div class=\"elementor-element elementor-element-e0580fe e-con-full e-flex e-con e-child\" data-id=\"e0580fe\" data-element_type=\"container\" data-e-type=\"container\">\n\t\t\t\t<div class=\"elementor-element elementor-element-9c602f9 elementor-invisible elementor-widget elementor-widget-image\" data-id=\"9c602f9\" data-element_type=\"widget\" data-e-type=\"widget\" data-settings=\"{&quot;_animation&quot;:&quot;fadeInLeft&quot;}\" data-widget_type=\"image.default\">\n\t\t\t\t\t\t\t\t\t\t\t\t\t\t\t<img fetchpriority=\"high\" decoding=\"async\" width=\"550\" height=\"367\" src=\"http:\/\/isas.mx\/wp-content\/uploads\/2025\/08\/entorno-de-trabajo.webp\" class=\"attachment-large size-large wp-image-572\" alt=\"\" srcset=\"http:\/\/isas.mx\/wp-content\/uploads\/2025\/08\/entorno-de-trabajo.webp 550w, http:\/\/isas.mx\/wp-content\/uploads\/2025\/08\/entorno-de-trabajo-300x200.webp 300w\" sizes=\"(max-width: 550px) 100vw, 550px\" \/>\t\t\t\t\t\t\t\t\t\t\t\t\t\t\t<\/div>\n\t\t\t\t<\/div>\n\t\t<div class=\"elementor-element elementor-element-fd0208c e-con-full e-flex e-con e-child\" data-id=\"fd0208c\" data-element_type=\"container\" data-e-type=\"container\">\n\t\t\t\t<div class=\"elementor-element elementor-element-4e922b9 elementor-widget elementor-widget-text-editor\" data-id=\"4e922b9\" data-element_type=\"widget\" data-e-type=\"widget\" data-widget_type=\"text-editor.default\">\n\t\t\t\t\t\t\t\t\t<h3><span style=\"color: #1ea9e1;\"><span style=\"color: #44474b;\">Respeto, comunicaci\u00f3n, colaboraci\u00f3n<\/span> \u2014\u2014\u2014<\/span><\/h3>\t\t\t\t\t\t\t\t<\/div>\n\t\t\t\t<div class=\"elementor-element elementor-element-f61df48 elementor-widget elementor-widget-text-editor\" data-id=\"f61df48\" data-element_type=\"widget\" data-e-type=\"widget\" data-widget_type=\"text-editor.default\">\n\t\t\t\t\t\t\t\t\t<p>Un entorno de trabajo <span class=\"theme-primary\" style=\"color: #1ea9e1;\">que inspira<\/span><\/p>\t\t\t\t\t\t\t\t<\/div>\n\t\t\t\t<div class=\"elementor-element elementor-element-3790bd1 elementor-widget elementor-widget-text-editor\" data-id=\"3790bd1\" data-element_type=\"widget\" data-e-type=\"widget\" data-widget_type=\"text-editor.default\">\n\t\t\t\t\t\t\t\t\t<p class=\"mb-4\">Creemos en un ambiente donde el respeto, la comunicaci\u00f3n abierta y la colaboraci\u00f3n constante son la norma. Fomentamos espacios seguros, inclusivos y motivadores, donde cada persona puede desarrollarse con libertad y confianza.<\/p><p class=\"mb-4\">Cultura organizacional basada en la empat\u00eda y el reconocimiento. Acciones para promover la salud mental y f\u00edsica en el trabajo. Encuestas internas y escucha activa del equipo.<\/p>\t\t\t\t\t\t\t\t<\/div>\n\t\t\t\t<\/div>\n\t\t\t\t<\/div>\n\t\t\t\t\t<\/div>\n\t\t\t\t<\/div>\n\t\t<div class=\"elementor-element elementor-element-124ee4c e-flex e-con-boxed e-con e-parent\" data-id=\"124ee4c\" data-element_type=\"container\" data-e-type=\"container\">\n\t\t\t\t\t<div class=\"e-con-inner\">\n\t\t<div class=\"elementor-element elementor-element-4bb6f91 e-con-full e-flex e-con e-child\" data-id=\"4bb6f91\" data-element_type=\"container\" data-e-type=\"container\">\n\t\t<div class=\"elementor-element elementor-element-f8a65c5 e-con-full e-flex e-con e-child\" data-id=\"f8a65c5\" data-element_type=\"container\" data-e-type=\"container\">\n\t\t\t\t<div class=\"elementor-element elementor-element-0edffd7 elementor-widget elementor-widget-text-editor\" data-id=\"0edffd7\" data-element_type=\"widget\" data-e-type=\"widget\" data-widget_type=\"text-editor.default\">\n\t\t\t\t\t\t\t\t\t<h3 style=\"text-align: left;\"><span style=\"color: #44474b;\">No discriminaci\u00f3n<\/span> <span style=\"color: #1ea9e1;\">\u2014\u2014\u2014<\/span><\/h3>\t\t\t\t\t\t\t\t<\/div>\n\t\t\t\t<div class=\"elementor-element elementor-element-46ef056 elementor-widget elementor-widget-text-editor\" data-id=\"46ef056\" data-element_type=\"widget\" data-e-type=\"widget\" data-widget_type=\"text-editor.default\">\n\t\t\t\t\t\t\t\t\t<p><span class=\"theme-primary\"><span style=\"color: #1ea9e1;\">Equidad <span style=\"color: #44474b;\">e <\/span>inclusi\u00f3n <span style=\"color: #44474b;\">en el centro<\/span><\/span><\/span><\/p>\t\t\t\t\t\t\t\t<\/div>\n\t\t\t\t<div class=\"elementor-element elementor-element-02e3269 elementor-widget elementor-widget-text-editor\" data-id=\"02e3269\" data-element_type=\"widget\" data-e-type=\"widget\" data-widget_type=\"text-editor.default\">\n\t\t\t\t\t\t\t\t\t<p class=\"mb-4\">Impulsamos la equidad de g\u00e9nero, la diversidad generacional y la igualdad de oportunidades como principios fundamentales. Valoramos lo que cada persona aporta, sin distinci\u00f3n.<\/p><p class=\"mb-4\">Pol\u00edticas de no discriminaci\u00f3n y equidad salarial. Liderazgos diversos y promoci\u00f3n del talento interno. Acciones formativas en sesgos inconscientes e inclusi\u00f3n.<\/p>\t\t\t\t\t\t\t\t<\/div>\n\t\t\t\t<\/div>\n\t\t<div class=\"elementor-element elementor-element-6e373c5 e-con-full e-flex e-con e-child\" data-id=\"6e373c5\" data-element_type=\"container\" data-e-type=\"container\">\n\t\t\t\t<div class=\"elementor-element elementor-element-68b7a00 elementor-invisible elementor-widget elementor-widget-image\" data-id=\"68b7a00\" data-element_type=\"widget\" data-e-type=\"widget\" data-settings=\"{&quot;_animation&quot;:&quot;fadeInRight&quot;}\" data-widget_type=\"image.default\">\n\t\t\t\t\t\t\t\t\t\t\t\t\t\t\t<img decoding=\"async\" width=\"550\" height=\"367\" src=\"http:\/\/isas.mx\/wp-content\/uploads\/2025\/08\/inclusion-laboral.webp\" class=\"attachment-large size-large wp-image-573\" alt=\"\" srcset=\"http:\/\/isas.mx\/wp-content\/uploads\/2025\/08\/inclusion-laboral.webp 550w, http:\/\/isas.mx\/wp-content\/uploads\/2025\/08\/inclusion-laboral-300x200.webp 300w\" sizes=\"(max-width: 550px) 100vw, 550px\" \/>\t\t\t\t\t\t\t\t\t\t\t\t\t\t\t<\/div>\n\t\t\t\t<\/div>\n\t\t\t\t<\/div>\n\t\t\t\t\t<\/div>\n\t\t\t\t<\/div>\n\t\t<div class=\"elementor-element elementor-element-f238770 e-con-full e-flex e-con e-parent\" data-id=\"f238770\" data-element_type=\"container\" data-e-type=\"container\" data-settings=\"{&quot;background_background&quot;:&quot;classic&quot;}\">\n\t\t<div class=\"elementor-element elementor-element-53333d8 e-grid e-con-boxed elementor-invisible e-con e-child\" data-id=\"53333d8\" data-element_type=\"container\" data-e-type=\"container\" data-settings=\"{&quot;animation&quot;:&quot;fadeInUp&quot;}\">\n\t\t\t\t\t<div class=\"e-con-inner\">\n\t\t\t\t<div class=\"elementor-element elementor-element-8866ba9 elementor-widget__width-inherit elementor-widget elementor-widget-text-editor\" data-id=\"8866ba9\" data-element_type=\"widget\" data-e-type=\"widget\" data-widget_type=\"text-editor.default\">\n\t\t\t\t\t\t\t\t\t<p><span style=\"color: #1ea9e1;\">IS\u00c1S<\/span> <span style=\"color: #ffffff;\">Comprometido con la responsabilidad social<\/span><\/p>\t\t\t\t\t\t\t\t<\/div>\n\t\t\t\t<div class=\"elementor-element elementor-element-d1171b3 elementor-widget elementor-widget-text-editor\" data-id=\"d1171b3\" data-element_type=\"widget\" data-e-type=\"widget\" data-widget_type=\"text-editor.default\">\n\t\t\t\t\t\t\t\t\t<p class=\"paragraph-18-fitree mb-4 text-white\"><strong>Nos enorgullece trabajar con un firme compromiso hacia la responsabilidad social. <\/strong><\/p><p class=\"paragraph-18-fitree mb-4 text-white\">Creemos en generar un impacto positivo m\u00e1s all\u00e1 de nuestros resultados, por eso impulsamos iniciativas que promueven el bienestar social, el desarrollo sostenible y la colaboraci\u00f3n con actores clave de la sociedad.<\/p>\t\t\t\t\t\t\t\t<\/div>\n\t\t\t\t\t<\/div>\n\t\t\t\t<\/div>\n\t\t\t\t<\/div>\n\t\t<div class=\"elementor-element elementor-element-b011d88 e-flex e-con-boxed e-con e-parent\" data-id=\"b011d88\" data-element_type=\"container\" data-e-type=\"container\" data-settings=\"{&quot;background_background&quot;:&quot;classic&quot;}\">\n\t\t\t\t\t<div class=\"e-con-inner\">\n\t\t\t\t<div class=\"elementor-element elementor-element-60e1d9d elementor-widget elementor-widget-text-editor\" data-id=\"60e1d9d\" data-element_type=\"widget\" data-e-type=\"widget\" data-widget_type=\"text-editor.default\">\n\t\t\t\t\t\t\t\t\t<h3><span style=\"color: #1ea9e1;\">\u2014\u2014 Connecting value with global compliance\u00a0\u2014\u2014<\/span><\/h3>\t\t\t\t\t\t\t\t<\/div>\n\t\t\t\t<div class=\"elementor-element elementor-element-c50586d elementor-widget elementor-widget-text-editor\" data-id=\"c50586d\" data-element_type=\"widget\" data-e-type=\"widget\" data-widget_type=\"text-editor.default\">\n\t\t\t\t\t\t\t\t\t<h2 class=\"heading-3xl\" style=\"text-align: center;\">En\u00a0<span class=\"theme-primary\" style=\"color: #1ea9e1;\">IS\u00c1S<\/span>, la responsabilidad no es un discurso<br class=\"d-none d-lg-block\" \/>Es una\u00a0<span class=\"theme-primary\" style=\"color: #1ea9e1;\">pr\u00e1ctica diaria<\/span><\/h2>\t\t\t\t\t\t\t\t<\/div>\n\t\t\t\t\t<\/div>\n\t\t\t\t<\/div>\n\t\t<div class=\"elementor-element elementor-element-ba658c2 e-flex e-con-boxed e-con e-parent\" data-id=\"ba658c2\" data-element_type=\"container\" data-e-type=\"container\">\n\t\t\t\t\t<div class=\"e-con-inner\">\n\t\t\t\t<div class=\"elementor-element elementor-element-67603f7 elementor-widget elementor-widget-html\" data-id=\"67603f7\" data-element_type=\"widget\" data-e-type=\"widget\" data-widget_type=\"html.default\">\n\t\t\t\t\t\n    <script src=\"https:\/\/cdn.botpress.cloud\/webchat\/v3.3\/inject.js\"><\/script>\n<script src=\"https:\/\/files.bpcontent.cloud\/2025\/10\/17\/14\/20251017145410-53WMQNWT.js\" defer><\/script>\n    \n    \t\t\t\t<\/div>\n\t\t\t\t\t<\/div>\n\t\t\t\t<\/div>\n\t\t\t\t<\/div>\n\t\t","protected":false},"excerpt":{"rendered":"<p>Responsabilidad Social \u2014\u2014 El impacto que trasciende lo fiscal \u2014\u2014 En IS\u00c1S integramos la responsabilidad social a nuestra esencia. Promovemos inclusi\u00f3n, sostenibilidad ambiental, bienestar laboral y participaci\u00f3n activa para generar un impacto positivo en nuestro entorno. Cont\u00e1ctanos Respeto, comunicaci\u00f3n, colaboraci\u00f3n \u2014\u2014\u2014 Un entorno de trabajo que inspira Creemos en un ambiente donde el respeto, la [&hellip;]<\/p>\n","protected":false},"author":1,"featured_media":0,"parent":0,"menu_order":0,"comment_status":"closed","ping_status":"closed","template":"elementor_header_footer","meta":{"_acf_changed":false,"footnotes":""},"class_list":["post-406","page","type-page","status-publish","hentry"],"acf":[],"_links":{"self":[{"href":"http:\/\/isas.mx\/es\/wp-json\/wp\/v2\/pages\/406","targetHints":{"allow":["GET"]}}],"collection":[{"href":"http:\/\/isas.mx\/es\/wp-json\/wp\/v2\/pages"}],"about":[{"href":"http:\/\/isas.mx\/es\/wp-json\/wp\/v2\/types\/page"}],"author":[{"embeddable":true,"href":"http:\/\/isas.mx\/es\/wp-json\/wp\/v2\/users\/1"}],"replies":[{"embeddable":true,"href":"http:\/\/isas.mx\/es\/wp-json\/wp\/v2\/comments?post=406"}],"version-history":[{"count":49,"href":"http:\/\/isas.mx\/es\/wp-json\/wp\/v2\/pages\/406\/revisions"}],"predecessor-version":[{"id":1302,"href":"http:\/\/isas.mx\/es\/wp-json\/wp\/v2\/pages\/406\/revisions\/1302"}],"wp:attachment":[{"href":"http:\/\/isas.mx\/es\/wp-json\/wp\/v2\/media?parent=406"}],"curies":[{"name":"wp","href":"https:\/\/api.w.org\/{rel}","templated":true}]}}